{"id":3772,"date":"2020-08-03T10:52:17","date_gmt":"2020-08-03T08:52:17","guid":{"rendered":"http:\/\/www.ihaarhus.dk\/?page_id=3772"},"modified":"2026-02-02T09:15:46","modified_gmt":"2026-02-02T08:15:46","slug":"study-consultation","status":"publish","type":"page","link":"https:\/\/www.ihaarhus.dk\/en\/practical-info\/study-consultation\/","title":{"rendered":"Study consultation"},"content":{"rendered":"\t\t<div data-elementor-type=\"wp-page\" data-elementor-id=\"3772\" class=\"elementor elementor-3772 elementor-1357\" data-elementor-post-type=\"page\">\n\t\t\t\t\t\t<section class=\"elementor-section elementor-top-section elementor-element elementor-element-14a47257 elementor-section-full_width elementor-section-height-default elementor-section-height-default\" data-id=\"14a47257\" data-element_type=\"section\">\n\t\t\t\t\t\t<div class=\"elementor-container elementor-column-gap-default\">\n\t\t\t\t\t<div class=\"elementor-column elementor-col-100 elementor-top-column elementor-element elementor-element-6132b771\" data-id=\"6132b771\" data-element_type=\"column\">\n\t\t\t<div class=\"elementor-widget-wrap elementor-element-populated\">\n\t\t\t\t\t\t<div class=\"elementor-element elementor-element-7f58936a elementor--v-position-bottom hero elementor--h-position-center elementor-arrows-position-inside elementor-widget elementor-widget-slides\" data-id=\"7f58936a\" data-element_type=\"widget\" data-settings=\"{&quot;navigation&quot;:&quot;arrows&quot;,&quot;autoplay&quot;:&quot;yes&quot;,&quot;pause_on_hover&quot;:&quot;yes&quot;,&quot;pause_on_interaction&quot;:&quot;yes&quot;,&quot;autoplay_speed&quot;:5000,&quot;infinite&quot;:&quot;yes&quot;,&quot;transition&quot;:&quot;slide&quot;,&quot;transition_speed&quot;:500}\" data-widget_type=\"slides.default\">\n\t\t\t\t<div class=\"elementor-widget-container\">\n\t\t\t\t\t\t\t\t\t<div class=\"elementor-swiper\">\n\t\t\t\t\t<div class=\"elementor-slides-wrapper elementor-main-swiper swiper\" role=\"region\" aria-roledescription=\"carousel\" aria-label=\"Dias (slides)\" dir=\"ltr\" data-animation=\"fadeInUp\">\n\t\t\t\t<div class=\"swiper-wrapper elementor-slides\">\n\t\t\t\t\t\t\t\t\t\t<div class=\"elementor-repeater-item-ace03d6 swiper-slide\" role=\"group\" aria-roledescription=\"slide\"><div class=\"swiper-slide-bg\" role=\"img\"><\/div><div class=\"swiper-slide-inner\" ><div class=\"swiper-slide-contents\"><div class=\"elementor-slide-heading\">Study consultation<\/div><\/div><\/div><\/div>\t\t\t\t<\/div>\n\t\t\t\t\t\t\t<\/div>\n\t\t\t\t<\/div>\n\t\t\t\t\t\t\t\t<\/div>\n\t\t\t\t<\/div>\n\t\t\t\t\t<\/div>\n\t\t<\/div>\n\t\t\t\t\t<\/div>\n\t\t<\/section>\n\t\t\t\t<section class=\"elementor-section elementor-top-section elementor-element elementor-element-4ba21de2 elementor-section-boxed elementor-section-height-default elementor-section-height-default\" data-id=\"4ba21de2\" data-element_type=\"section\">\n\t\t\t\t\t\t<div class=\"elementor-container elementor-column-gap-default\">\n\t\t\t\t\t<div class=\"elementor-column elementor-col-100 elementor-top-column elementor-element elementor-element-5ab573ea\" data-id=\"5ab573ea\" data-element_type=\"column\">\n\t\t\t<div class=\"elementor-widget-wrap elementor-element-populated\">\n\t\t\t\t\t\t<div class=\"elementor-element elementor-element-6ad54f60 elementor-widget elementor-widget-heading\" data-id=\"6ad54f60\" data-element_type=\"widget\" data-widget_type=\"heading.default\">\n\t\t\t\t<div class=\"elementor-widget-container\">\n\t\t\t\t\t<h2 class=\"elementor-heading-title elementor-size-default\">STUDY CONSULTATION FOR YOU<\/h2>\t\t\t\t<\/div>\n\t\t\t\t<\/div>\n\t\t\t\t<div class=\"elementor-element elementor-element-4c5d4f8e elementor-widget elementor-widget-text-editor\" data-id=\"4c5d4f8e\" data-element_type=\"widget\" data-widget_type=\"text-editor.default\">\n\t\t\t\t<div class=\"elementor-widget-container\">\n\t\t\t\t\t\t\t\t\t<p>At IH\u00c5 we offer formal study consultation. Our starting point is an inspiring meeting, where you as a student are met with a discussion of the doubts, considerations and challenges that occupy you. The structure includes one-to-one conversations, group guidance or guidance within communities. The activities are centred on:<\/p><ul><li>Seeking possibilities and making choices<\/li><li>Knowledge sharing regarding the concrete application for admission to the desired youth education.<\/li><li>Understanding and clarification regarding the admission procedure.<\/li><\/ul>\t\t\t\t\t\t\t\t<\/div>\n\t\t\t\t<\/div>\n\t\t\t\t\t<\/div>\n\t\t<\/div>\n\t\t\t\t\t<\/div>\n\t\t<\/section>\n\t\t\t\t<section class=\"elementor-section elementor-top-section elementor-element elementor-element-28e6050a offsetsection elementor-section-boxed elementor-section-height-default elementor-section-height-default\" data-id=\"28e6050a\" data-element_type=\"section\">\n\t\t\t\t\t\t<div class=\"elementor-container elementor-column-gap-default\">\n\t\t\t\t\t<div class=\"elementor-column elementor-col-100 elementor-top-column elementor-element elementor-element-47151e2\" data-id=\"47151e2\" data-element_type=\"column\">\n\t\t\t<div class=\"elementor-widget-wrap elementor-element-populated\">\n\t\t\t\t\t\t<section class=\"elementor-section elementor-inner-section elementor-element elementor-element-3a9b6b96 elementor-section-boxed elementor-section-height-default elementor-section-height-default\" data-id=\"3a9b6b96\" data-element_type=\"section\" data-settings=\"{&quot;background_background&quot;:&quot;classic&quot;}\">\n\t\t\t\t\t\t<div class=\"elementor-container elementor-column-gap-default\">\n\t\t\t\t\t<div class=\"elementor-column elementor-col-50 elementor-inner-column elementor-element elementor-element-54029435 elementor-invisible\" data-id=\"54029435\" data-element_type=\"column\" data-settings=\"{&quot;animation&quot;:&quot;fadeInLeft&quot;}\">\n\t\t\t<div class=\"elementor-widget-wrap elementor-element-populated\">\n\t\t\t\t\t\t<div class=\"elementor-element elementor-element-508a8ebe elementor-widget elementor-widget-heading\" data-id=\"508a8ebe\" data-element_type=\"widget\" data-widget_type=\"heading.default\">\n\t\t\t\t<div class=\"elementor-widget-container\">\n\t\t\t\t\t<h2 class=\"elementor-heading-title elementor-size-default\">Join education day<\/h2>\t\t\t\t<\/div>\n\t\t\t\t<\/div>\n\t\t\t\t<div class=\"elementor-element elementor-element-4eb6271e elementor-widget elementor-widget-text-editor\" data-id=\"4eb6271e\" data-element_type=\"widget\" data-widget_type=\"text-editor.default\">\n\t\t\t\t<div class=\"elementor-widget-container\">\n\t\t\t\t\t\t\t\t\t<div class=\"x-column x-sm vc x-1-2\"><p>In the spring residency, we cooperate with Studievalg Danmark &#8211; Center \u00d8stjylland (Study Choice Denmark \u2013 East Jutland Centre) which offers an education day for Folk High Schools, where they review and initiate the process for education applications including the latest approaches that our students should be aware of. There is also, in addition, inspiration for studies abroad and information for international students in Denmark.<\/p><\/div>\t\t\t\t\t\t\t\t<\/div>\n\t\t\t\t<\/div>\n\t\t\t\t\t<\/div>\n\t\t<\/div>\n\t\t\t\t<div class=\"elementor-column elementor-col-50 elementor-inner-column elementor-element elementor-element-31cbd7fe elementor-invisible\" data-id=\"31cbd7fe\" data-element_type=\"column\" data-settings=\"{&quot;animation&quot;:&quot;fadeInRight&quot;}\">\n\t\t\t<div class=\"elementor-widget-wrap elementor-element-populated\">\n\t\t\t\t\t\t<div class=\"elementor-element elementor-element-77f5e6a4 offsetelement elementor-widget elementor-widget-image\" data-id=\"77f5e6a4\" data-element_type=\"widget\" data-widget_type=\"image.default\">\n\t\t\t\t<div class=\"elementor-widget-container\">\n\t\t\t\t\t\t\t\t\t\t\t\t\t\t\t<img decoding=\"async\" src=\"https:\/\/www.ihaarhus.dk\/wp-content\/uploads\/elementor\/thumbs\/Hold-50E-F\u00f8rste-dag-16-otw9x8behnzb4psc31pkjdpr4iq2xpjz2gkv1dri5c.jpg\" title=\"Hold 50E &#8211; F\u00f8rste dag (16)\" alt=\"Hold 50E - F\u00f8rste dag (16)\" loading=\"lazy\" \/>\t\t\t\t\t\t\t\t\t\t\t\t\t\t\t<\/div>\n\t\t\t\t<\/div>\n\t\t\t\t\t<\/div>\n\t\t<\/div>\n\t\t\t\t\t<\/div>\n\t\t<\/section>\n\t\t\t\t\t<\/div>\n\t\t<\/div>\n\t\t\t\t\t<\/div>\n\t\t<\/section>\n\t\t\t\t<section class=\"elementor-section elementor-top-section elementor-element elementor-element-baa5d93 elementor-section-boxed elementor-section-height-default elementor-section-height-default\" data-id=\"baa5d93\" data-element_type=\"section\" data-settings=\"{&quot;background_background&quot;:&quot;classic&quot;}\">\n\t\t\t\t\t\t\t<div class=\"elementor-background-overlay\"><\/div>\n\t\t\t\t\t\t\t<div class=\"elementor-container elementor-column-gap-default\">\n\t\t\t\t\t<div class=\"elementor-column elementor-col-100 elementor-top-column elementor-element elementor-element-761b850\" data-id=\"761b850\" data-element_type=\"column\">\n\t\t\t<div class=\"elementor-widget-wrap elementor-element-populated\">\n\t\t\t\t\t\t<section class=\"elementor-section elementor-inner-section elementor-element elementor-element-8cd8caa elementor-section-boxed elementor-section-height-default elementor-section-height-default elementor-invisible\" data-id=\"8cd8caa\" data-element_type=\"section\" data-settings=\"{&quot;animation&quot;:&quot;fadeInUp&quot;}\">\n\t\t\t\t\t\t<div class=\"elementor-container elementor-column-gap-default\">\n\t\t\t\t\t<div class=\"elementor-column elementor-col-100 elementor-inner-column elementor-element elementor-element-ce23d8a\" data-id=\"ce23d8a\" data-element_type=\"column\">\n\t\t\t<div class=\"elementor-widget-wrap elementor-element-populated\">\n\t\t\t\t\t\t<div class=\"elementor-element elementor-element-4ac92c0 elementor-widget elementor-widget-heading\" data-id=\"4ac92c0\" data-element_type=\"widget\" data-widget_type=\"heading.default\">\n\t\t\t\t<div class=\"elementor-widget-container\">\n\t\t\t\t\t<h2 class=\"elementor-heading-title elementor-size-default\">Sign up as a student<\/h2>\t\t\t\t<\/div>\n\t\t\t\t<\/div>\n\t\t\t\t<div class=\"elementor-element elementor-element-b94e32a elementor-widget elementor-widget-text-editor\" data-id=\"b94e32a\" data-element_type=\"widget\" data-widget_type=\"text-editor.default\">\n\t\t\t\t<div class=\"elementor-widget-container\">\n\t\t\t\t\t\t\t\t\t<p>Does the Folk High School in Aarhus sound like the perfect place for you?<br data-start=\"212\" data-end=\"215\" \/>Then sign up as a student right here. And if you are unsure whether it is the right fit for you, feel free to contact us by email or phone \u2013 we are always happy to help and answer any questions you may have.<\/p>\t\t\t\t\t\t\t\t<\/div>\n\t\t\t\t<\/div>\n\t\t\t\t<div class=\"elementor-element elementor-element-3300e37 elementor-align-center elementor-widget elementor-widget-button\" data-id=\"3300e37\" data-element_type=\"widget\" data-widget_type=\"button.default\">\n\t\t\t\t<div class=\"elementor-widget-container\">\n\t\t\t\t\t\t\t\t\t<div class=\"elementor-button-wrapper\">\n\t\t\t\t\t<a class=\"elementor-button elementor-button-link elementor-size-sm\" href=\"https:\/\/www.ihaarhus.dk\/en\/sign-up\/\">\n\t\t\t\t\t\t<span class=\"elementor-button-content-wrapper\">\n\t\t\t\t\t\t<span class=\"elementor-button-icon\">\n\t\t\t\t<svg xmlns=\"http:\/\/www.w3.org\/2000\/svg\" xmlns:xlink=\"http:\/\/www.w3.org\/1999\/xlink\" width=\"25px\" height=\"21px\" viewBox=\"0 0 25 21\"><title>-&gt;<\/title><desc>Created with Sketch.<\/desc><g id=\"Page-1\" stroke=\"none\" stroke-width=\"1\" fill=\"none\" fill-rule=\"evenodd\"><polygon id=\"-&gt;\" fill=\"#0F3FB8\" points=\"14.2 0.592 24.088 10.672 24.088 10.896 14.2 21.008 12.728 19.536 20.472 11.792 0.408 11.792 0.408 9.808 20.536 9.808 12.728 2.064\"><\/polygon><\/g><\/svg>\t\t\t<\/span>\n\t\t\t\t\t\t\t\t\t<span class=\"elementor-button-text\">Sign up here<\/span>\n\t\t\t\t\t<\/span>\n\t\t\t\t\t<\/a>\n\t\t\t\t<\/div>\n\t\t\t\t\t\t\t\t<\/div>\n\t\t\t\t<\/div>\n\t\t\t\t\t<\/div>\n\t\t<\/div>\n\t\t\t\t\t<\/div>\n\t\t<\/section>\n\t\t\t\t\t<\/div>\n\t\t<\/div>\n\t\t\t\t\t<\/div>\n\t\t<\/section>\n\t\t\t\t<section class=\"elementor-section elementor-top-section elementor-element elementor-element-1cf5c7ca elementor-section-boxed elementor-section-height-default elementor-section-height-default\" data-id=\"1cf5c7ca\" data-element_type=\"section\">\n\t\t\t\t\t\t<div class=\"elementor-container elementor-column-gap-default\">\n\t\t\t\t\t<div class=\"elementor-column elementor-col-100 elementor-top-column elementor-element elementor-element-3b77f62a\" data-id=\"3b77f62a\" data-element_type=\"column\">\n\t\t\t<div class=\"elementor-widget-wrap elementor-element-populated\">\n\t\t\t\t\t\t<div class=\"elementor-element elementor-element-2e953335 elementor-widget elementor-widget-heading\" data-id=\"2e953335\" data-element_type=\"widget\" data-widget_type=\"heading.default\">\n\t\t\t\t<div class=\"elementor-widget-container\">\n\t\t\t\t\t<h2 class=\"elementor-heading-title elementor-size-default\"><span style=\"font-family: roboto;text-transform: normal\">Life at<\/span> <span style=\"color: #0f3fb8;text-transform: uppercase\">#IHAARHUS<\/span><\/h2>\t\t\t\t<\/div>\n\t\t\t\t<\/div>\n\t\t\t\t<div class=\"elementor-element elementor-element-5f996247 elementor-hidden-phone elementor-widget elementor-widget-shortcode\" data-id=\"5f996247\" data-element_type=\"widget\" data-widget_type=\"shortcode.default\">\n\t\t\t\t<div class=\"elementor-widget-container\">\n\t\t\t\t\t\t\t<div class=\"elementor-shortcode\">\n<div id=\"sb_instagram\"  class=\"sbi sbi_mob_col_2 sbi_tab_col_2 sbi_col_4 sbi_width_resp\" style=\"padding-bottom: 10px;\" data-feedid=\"*1\"  data-res=\"auto\" data-cols=\"4\" data-colsmobile=\"2\" data-colstablet=\"2\" data-num=\"4\" data-nummobile=\"4\" data-item-padding=\"5\" data-shortcode-atts=\"{&quot;feed&quot;:&quot;1&quot;}\"  data-postid=\"3772\" data-locatornonce=\"893ca56bee\" data-sbi-flags=\"favorLocal,ajaxPostLoad\">\n\t\n    <div id=\"sbi_images\"  style=\"gap: 10px;\">\n\t\t    <\/div>\n\n\t<div id=\"sbi_load\" >\n\n\t\n\t\n<\/div>\n\n\t    <span class=\"sbi_resized_image_data\" data-feed-id=\"*1\" data-resized=\"[]\">\n\t<\/span>\n\t<\/div>\n\n<script type=\"text\/javascript\">var sb_instagram_js_options = {\"font_method\":\"svg\",\"placeholder\":\"https:\\\/\\\/www.ihaarhus.dk\\\/wp-content\\\/plugins\\\/instagram-feed\\\/img\\\/placeholder.png\",\"resized_url\":\"https:\\\/\\\/www.ihaarhus.dk\\\/wp-content\\\/uploads\\\/sb-instagram-feed-images\\\/\",\"ajax_url\":\"https:\\\/\\\/www.ihaarhus.dk\\\/wp-admin\\\/admin-ajax.php\"};<\/script><script type='text\/javascript' src='https:\/\/www.ihaarhus.dk\/wp-content\/plugins\/instagram-feed\/js\/sbi-scripts.min.js?ver=6.6.1'><\/script><\/div>\n\t\t\t\t\t\t<\/div>\n\t\t\t\t<\/div>\n\t\t\t\t\t<\/div>\n\t\t<\/div>\n\t\t\t\t\t<\/div>\n\t\t<\/section>\n\t\t\t\t<\/div>\n\t\t","protected":false},"excerpt":{"rendered":"<p>Study consultation STUDY CONSULTATION FOR YOU At IH\u00c5 we offer formal study consultation. Our starting point is an inspiring meeting, where you as a student are met with a discussion of the doubts, considerations and challenges that occupy you. The structure includes one-to-one conversations, group guidance or guidance within communities. The activities are centred on: [&hellip;]<\/p>\n","protected":false},"author":2,"featured_media":0,"parent":3950,"menu_order":0,"comment_status":"closed","ping_status":"closed","template":"","meta":{"_acf_changed":false,"site-sidebar-layout":"no-sidebar","site-content-layout":"page-builder","ast-site-content-layout":"","site-content-style":"default","site-sidebar-style":"default","ast-global-header-display":"","ast-banner-title-visibility":"","ast-main-header-display":"","ast-hfb-above-header-display":"","ast-hfb-below-header-display":"","ast-hfb-mobile-header-display":"","site-post-title":"disabled","ast-breadcrumbs-content":"","ast-featured-img":"disabled","footer-sml-layout":"","theme-transparent-header-meta":"default","adv-header-id-meta":"","stick-header-meta":"default","header-above-stick-meta":"","header-main-stick-meta":"","header-below-stick-meta":"","astra-migrate-meta-layouts":"default","ast-page-background-enabled":"default","ast-page-background-meta":{"desktop":{"background-color":"","background-image":"","background-repeat":"repeat","background-position":"center center","background-size":"auto","background-attachment":"scroll","background-type":"","background-media":"","overlay-type":"","overlay-color":"","overlay-opacity":"","overlay-gradient":""},"tablet":{"background-color":"","background-image":"","background-repeat":"repeat","background-position":"center center","background-size":"auto","background-attachment":"scroll","background-type":"","background-media":"","overlay-type":"","overlay-color":"","overlay-opacity":"","overlay-gradient":""},"mobile":{"background-color":"","background-image":"","background-repeat":"repeat","background-position":"center center","background-size":"auto","background-attachment":"scroll","background-type":"","background-media":"","overlay-type":"","overlay-color":"","overlay-opacity":"","overlay-gradient":""}},"ast-content-background-meta":{"desktop":{"background-color":"var(--ast-global-color-5)","background-image":"","background-repeat":"repeat","background-position":"center center","background-size":"auto","background-attachment":"scroll","background-type":"","background-media":"","overlay-type":"","overlay-color":"","overlay-opacity":"","overlay-gradient":""},"tablet":{"background-color":"var(--ast-global-color-5)","background-image":"","background-repeat":"repeat","background-position":"center center","background-size":"auto","background-attachment":"scroll","background-type":"","background-media":"","overlay-type":"","overlay-color":"","overlay-opacity":"","overlay-gradient":""},"mobile":{"background-color":"var(--ast-global-color-5)","background-image":"","background-repeat":"repeat","background-position":"center center","background-size":"auto","background-attachment":"scroll","background-type":"","background-media":"","overlay-type":"","overlay-color":"","overlay-opacity":"","overlay-gradient":""}},"footnotes":""},"class_list":["post-3772","page","type-page","status-publish","hentry"],"acf":[],"yoast_head":"<!-- This site is optimized with the Yoast SEO plugin v24.1 - https:\/\/yoast.com\/wordpress\/plugins\/seo\/ -->\n<title>Study consultation - \u00c5rhus Idr\u00e6tsh\u00f8jskole<\/title>\n<meta name=\"robots\" content=\"index, follow, max-snippet:-1, max-image-preview:large, max-video-preview:-1\" \/>\n<link rel=\"canonical\" href=\"https:\/\/www.ihaarhus.dk\/en\/practical-info\/study-consultation\/\" \/>\n<meta property=\"og:locale\" content=\"en_US\" \/>\n<meta property=\"og:type\" content=\"article\" \/>\n<meta property=\"og:title\" content=\"Study consultation - \u00c5rhus Idr\u00e6tsh\u00f8jskole\" \/>\n<meta property=\"og:description\" content=\"Study consultation STUDY CONSULTATION FOR YOU At IH\u00c5 we offer formal study consultation. Our starting point is an inspiring meeting, where you as a student are met with a discussion of the doubts, considerations and challenges that occupy you. The structure includes one-to-one conversations, group guidance or guidance within communities. The activities are centred on: [&hellip;]\" \/>\n<meta property=\"og:url\" content=\"https:\/\/www.ihaarhus.dk\/en\/practical-info\/study-consultation\/\" \/>\n<meta property=\"og:site_name\" content=\"\u00c5rhus Idr\u00e6tsh\u00f8jskole\" \/>\n<meta property=\"article:publisher\" content=\"https:\/\/www.facebook.com\/ihaarhus\" \/>\n<meta property=\"article:modified_time\" content=\"2026-02-02T08:15:46+00:00\" \/>\n<meta name=\"twitter:card\" content=\"summary_large_image\" \/>\n<meta name=\"twitter:label1\" content=\"Est. reading time\" \/>\n\t<meta name=\"twitter:data1\" content=\"2 minutes\" \/>\n<script type=\"application\/ld+json\" class=\"yoast-schema-graph\">{\"@context\":\"https:\/\/schema.org\",\"@graph\":[{\"@type\":\"WebPage\",\"@id\":\"https:\/\/www.ihaarhus.dk\/en\/practical-info\/study-consultation\/\",\"url\":\"https:\/\/www.ihaarhus.dk\/en\/practical-info\/study-consultation\/\",\"name\":\"Study consultation - \u00c5rhus Idr\u00e6tsh\u00f8jskole\",\"isPartOf\":{\"@id\":\"https:\/\/www.ihaarhus.dk\/en\/#website\"},\"datePublished\":\"2020-08-03T08:52:17+00:00\",\"dateModified\":\"2026-02-02T08:15:46+00:00\",\"breadcrumb\":{\"@id\":\"https:\/\/www.ihaarhus.dk\/en\/practical-info\/study-consultation\/#breadcrumb\"},\"inLanguage\":\"en-US\",\"potentialAction\":[{\"@type\":\"ReadAction\",\"target\":[\"https:\/\/www.ihaarhus.dk\/en\/practical-info\/study-consultation\/\"]}]},{\"@type\":\"BreadcrumbList\",\"@id\":\"https:\/\/www.ihaarhus.dk\/en\/practical-info\/study-consultation\/#breadcrumb\",\"itemListElement\":[{\"@type\":\"ListItem\",\"position\":1,\"name\":\"Hjem\",\"item\":\"https:\/\/www.ihaarhus.dk\/en\/\"},{\"@type\":\"ListItem\",\"position\":2,\"name\":\"Practical info\",\"item\":\"https:\/\/www.ihaarhus.dk\/en\/practical-info\/\"},{\"@type\":\"ListItem\",\"position\":3,\"name\":\"Study consultation\"}]},{\"@type\":\"WebSite\",\"@id\":\"https:\/\/www.ihaarhus.dk\/en\/#website\",\"url\":\"https:\/\/www.ihaarhus.dk\/en\/\",\"name\":\"Idr\u00e6tsh\u00f8jskolen Aarhus\",\"description\":\"\",\"publisher\":{\"@id\":\"https:\/\/www.ihaarhus.dk\/en\/#organization\"},\"potentialAction\":[{\"@type\":\"SearchAction\",\"target\":{\"@type\":\"EntryPoint\",\"urlTemplate\":\"https:\/\/www.ihaarhus.dk\/en\/?s={search_term_string}\"},\"query-input\":{\"@type\":\"PropertyValueSpecification\",\"valueRequired\":true,\"valueName\":\"search_term_string\"}}],\"inLanguage\":\"en-US\"},{\"@type\":\"Organization\",\"@id\":\"https:\/\/www.ihaarhus.dk\/en\/#organization\",\"name\":\"Idr\u00e6tsh\u00f8jskolen Aarhus\",\"url\":\"https:\/\/www.ihaarhus.dk\/en\/\",\"logo\":{\"@type\":\"ImageObject\",\"inLanguage\":\"en-US\",\"@id\":\"https:\/\/www.ihaarhus.dk\/en\/#\/schema\/logo\/image\/\",\"url\":\"https:\/\/www.ihaarhus.dk\/wp-content\/uploads\/2020\/02\/logo.png\",\"contentUrl\":\"https:\/\/www.ihaarhus.dk\/wp-content\/uploads\/2020\/02\/logo.png\",\"width\":527,\"height\":117,\"caption\":\"Idr\u00e6tsh\u00f8jskolen Aarhus\"},\"image\":{\"@id\":\"https:\/\/www.ihaarhus.dk\/en\/#\/schema\/logo\/image\/\"},\"sameAs\":[\"https:\/\/www.facebook.com\/ihaarhus\"]}]}<\/script>\n<!-- \/ Yoast SEO plugin. -->","yoast_head_json":{"title":"Study consultation - \u00c5rhus Idr\u00e6tsh\u00f8jskole","robots":{"index":"index","follow":"follow","max-snippet":"max-snippet:-1","max-image-preview":"max-image-preview:large","max-video-preview":"max-video-preview:-1"},"canonical":"https:\/\/www.ihaarhus.dk\/en\/practical-info\/study-consultation\/","og_locale":"en_US","og_type":"article","og_title":"Study consultation - \u00c5rhus Idr\u00e6tsh\u00f8jskole","og_description":"Study consultation STUDY CONSULTATION FOR YOU At IH\u00c5 we offer formal study consultation. Our starting point is an inspiring meeting, where you as a student are met with a discussion of the doubts, considerations and challenges that occupy you. The structure includes one-to-one conversations, group guidance or guidance within communities. The activities are centred on: [&hellip;]","og_url":"https:\/\/www.ihaarhus.dk\/en\/practical-info\/study-consultation\/","og_site_name":"\u00c5rhus Idr\u00e6tsh\u00f8jskole","article_publisher":"https:\/\/www.facebook.com\/ihaarhus","article_modified_time":"2026-02-02T08:15:46+00:00","twitter_card":"summary_large_image","twitter_misc":{"Est. reading time":"2 minutes"},"schema":{"@context":"https:\/\/schema.org","@graph":[{"@type":"WebPage","@id":"https:\/\/www.ihaarhus.dk\/en\/practical-info\/study-consultation\/","url":"https:\/\/www.ihaarhus.dk\/en\/practical-info\/study-consultation\/","name":"Study consultation - \u00c5rhus Idr\u00e6tsh\u00f8jskole","isPartOf":{"@id":"https:\/\/www.ihaarhus.dk\/en\/#website"},"datePublished":"2020-08-03T08:52:17+00:00","dateModified":"2026-02-02T08:15:46+00:00","breadcrumb":{"@id":"https:\/\/www.ihaarhus.dk\/en\/practical-info\/study-consultation\/#breadcrumb"},"inLanguage":"en-US","potentialAction":[{"@type":"ReadAction","target":["https:\/\/www.ihaarhus.dk\/en\/practical-info\/study-consultation\/"]}]},{"@type":"BreadcrumbList","@id":"https:\/\/www.ihaarhus.dk\/en\/practical-info\/study-consultation\/#breadcrumb","itemListElement":[{"@type":"ListItem","position":1,"name":"Hjem","item":"https:\/\/www.ihaarhus.dk\/en\/"},{"@type":"ListItem","position":2,"name":"Practical info","item":"https:\/\/www.ihaarhus.dk\/en\/practical-info\/"},{"@type":"ListItem","position":3,"name":"Study consultation"}]},{"@type":"WebSite","@id":"https:\/\/www.ihaarhus.dk\/en\/#website","url":"https:\/\/www.ihaarhus.dk\/en\/","name":"Idr\u00e6tsh\u00f8jskolen Aarhus","description":"","publisher":{"@id":"https:\/\/www.ihaarhus.dk\/en\/#organization"},"potentialAction":[{"@type":"SearchAction","target":{"@type":"EntryPoint","urlTemplate":"https:\/\/www.ihaarhus.dk\/en\/?s={search_term_string}"},"query-input":{"@type":"PropertyValueSpecification","valueRequired":true,"valueName":"search_term_string"}}],"inLanguage":"en-US"},{"@type":"Organization","@id":"https:\/\/www.ihaarhus.dk\/en\/#organization","name":"Idr\u00e6tsh\u00f8jskolen Aarhus","url":"https:\/\/www.ihaarhus.dk\/en\/","logo":{"@type":"ImageObject","inLanguage":"en-US","@id":"https:\/\/www.ihaarhus.dk\/en\/#\/schema\/logo\/image\/","url":"https:\/\/www.ihaarhus.dk\/wp-content\/uploads\/2020\/02\/logo.png","contentUrl":"https:\/\/www.ihaarhus.dk\/wp-content\/uploads\/2020\/02\/logo.png","width":527,"height":117,"caption":"Idr\u00e6tsh\u00f8jskolen Aarhus"},"image":{"@id":"https:\/\/www.ihaarhus.dk\/en\/#\/schema\/logo\/image\/"},"sameAs":["https:\/\/www.facebook.com\/ihaarhus"]}]}},"_links":{"self":[{"href":"https:\/\/www.ihaarhus.dk\/en\/wp-json\/wp\/v2\/pages\/3772","targetHints":{"allow":["GET"]}}],"collection":[{"href":"https:\/\/www.ihaarhus.dk\/en\/wp-json\/wp\/v2\/pages"}],"about":[{"href":"https:\/\/www.ihaarhus.dk\/en\/wp-json\/wp\/v2\/types\/page"}],"author":[{"embeddable":true,"href":"https:\/\/www.ihaarhus.dk\/en\/wp-json\/wp\/v2\/users\/2"}],"replies":[{"embeddable":true,"href":"https:\/\/www.ihaarhus.dk\/en\/wp-json\/wp\/v2\/comments?post=3772"}],"version-history":[{"count":9,"href":"https:\/\/www.ihaarhus.dk\/en\/wp-json\/wp\/v2\/pages\/3772\/revisions"}],"predecessor-version":[{"id":28273,"href":"https:\/\/www.ihaarhus.dk\/en\/wp-json\/wp\/v2\/pages\/3772\/revisions\/28273"}],"up":[{"embeddable":true,"href":"https:\/\/www.ihaarhus.dk\/en\/wp-json\/wp\/v2\/pages\/3950"}],"wp:attachment":[{"href":"https:\/\/www.ihaarhus.dk\/en\/wp-json\/wp\/v2\/media?parent=3772"}],"curies":[{"name":"wp","href":"https:\/\/api.w.org\/{rel}","templated":true}]}}