{"id":3758,"date":"2020-08-03T10:39:38","date_gmt":"2020-08-03T08:39:38","guid":{"rendered":"http:\/\/www.ihaarhus.dk\/?page_id=3758"},"modified":"2026-03-04T11:54:35","modified_gmt":"2026-03-04T10:54:35","slug":"family-day","status":"publish","type":"page","link":"https:\/\/www.ihaarhus.dk\/en\/practical-info\/family-day\/","title":{"rendered":"Family day"},"content":{"rendered":"\t\t<div data-elementor-type=\"wp-page\" data-elementor-id=\"3758\" class=\"elementor elementor-3758 elementor-1185\" data-elementor-post-type=\"page\">\n\t\t\t\t\t\t<section class=\"elementor-section elementor-top-section elementor-element elementor-element-54e15b9c elementor-section-full_width elementor-section-height-default elementor-section-height-default\" data-id=\"54e15b9c\" data-element_type=\"section\">\n\t\t\t\t\t\t<div class=\"elementor-container elementor-column-gap-default\">\n\t\t\t\t\t<div class=\"elementor-column elementor-col-100 elementor-top-column elementor-element elementor-element-853dd3a\" data-id=\"853dd3a\" data-element_type=\"column\">\n\t\t\t<div class=\"elementor-widget-wrap elementor-element-populated\">\n\t\t\t\t\t\t<div class=\"elementor-element elementor-element-244402c8 elementor--v-position-bottom hero elementor--h-position-center elementor-arrows-position-inside elementor-widget elementor-widget-slides\" data-id=\"244402c8\" data-element_type=\"widget\" data-settings=\"{&quot;navigation&quot;:&quot;arrows&quot;,&quot;autoplay&quot;:&quot;yes&quot;,&quot;pause_on_hover&quot;:&quot;yes&quot;,&quot;pause_on_interaction&quot;:&quot;yes&quot;,&quot;autoplay_speed&quot;:5000,&quot;infinite&quot;:&quot;yes&quot;,&quot;transition&quot;:&quot;slide&quot;,&quot;transition_speed&quot;:500}\" data-widget_type=\"slides.default\">\n\t\t\t\t<div class=\"elementor-widget-container\">\n\t\t\t\t\t\t\t\t\t<div class=\"elementor-swiper\">\n\t\t\t\t\t<div class=\"elementor-slides-wrapper elementor-main-swiper swiper\" role=\"region\" aria-roledescription=\"carousel\" aria-label=\"Dias (slides)\" dir=\"ltr\" data-animation=\"fadeInUp\">\n\t\t\t\t<div class=\"swiper-wrapper elementor-slides\">\n\t\t\t\t\t\t\t\t\t\t<div class=\"elementor-repeater-item-ace03d6 swiper-slide\" role=\"group\" aria-roledescription=\"slide\"><div class=\"swiper-slide-bg\" role=\"img\"><\/div><div class=\"swiper-slide-inner\" ><div class=\"swiper-slide-contents\"><div class=\"elementor-slide-heading\">Family day<\/div><\/div><\/div><\/div>\t\t\t\t<\/div>\n\t\t\t\t\t\t\t<\/div>\n\t\t\t\t<\/div>\n\t\t\t\t\t\t\t\t<\/div>\n\t\t\t\t<\/div>\n\t\t\t\t\t<\/div>\n\t\t<\/div>\n\t\t\t\t\t<\/div>\n\t\t<\/section>\n\t\t\t\t<section class=\"elementor-section elementor-top-section elementor-element elementor-element-68dbc7ea elementor-section-boxed elementor-section-height-default elementor-section-height-default\" data-id=\"68dbc7ea\" data-element_type=\"section\">\n\t\t\t\t\t\t<div class=\"elementor-container elementor-column-gap-default\">\n\t\t\t\t\t<div class=\"elementor-column elementor-col-100 elementor-top-column elementor-element elementor-element-23996fb9\" data-id=\"23996fb9\" data-element_type=\"column\">\n\t\t\t<div class=\"elementor-widget-wrap elementor-element-populated\">\n\t\t\t\t\t\t<div class=\"elementor-element elementor-element-6a86f91 elementor-widget elementor-widget-heading\" data-id=\"6a86f91\" data-element_type=\"widget\" data-widget_type=\"heading.default\">\n\t\t\t\t<div class=\"elementor-widget-container\">\n\t\t\t\t\t<h2 class=\"elementor-heading-title elementor-size-default\">Invite your family to IH\u00c5<\/h2>\t\t\t\t<\/div>\n\t\t\t\t<\/div>\n\t\t\t\t<div class=\"elementor-element elementor-element-4cc343e3 elementor-widget elementor-widget-text-editor\" data-id=\"4cc343e3\" data-element_type=\"widget\" data-widget_type=\"text-editor.default\">\n\t\t\t\t<div class=\"elementor-widget-container\">\n\t\t\t\t\t\t\t\t\t<p class=\"\" data-start=\"86\" data-end=\"284\">At our Folk High School, we host a family day once every spring and fall, where parents, siblings, and other family members are welcome to visit and experience the unique atmosphere of our school. The day will include elements from everyday life at the Folk High School, such as singing and shared activities for the whole family. There will also be a dance performance and lots of musical features throughout the day.<\/p>\t\t\t\t\t\t\t\t<\/div>\n\t\t\t\t<\/div>\n\t\t\t\t\t<\/div>\n\t\t<\/div>\n\t\t\t\t\t<\/div>\n\t\t<\/section>\n\t\t\t\t<section class=\"elementor-section elementor-top-section elementor-element elementor-element-798252a4 elementor-section-boxed elementor-section-height-default elementor-section-height-default\" data-id=\"798252a4\" data-element_type=\"section\" data-settings=\"{&quot;background_background&quot;:&quot;classic&quot;}\">\n\t\t\t\t\t\t<div class=\"elementor-container elementor-column-gap-default\">\n\t\t\t\t\t<div class=\"elementor-column elementor-col-100 elementor-top-column elementor-element elementor-element-519e46d1\" data-id=\"519e46d1\" data-element_type=\"column\">\n\t\t\t<div class=\"elementor-widget-wrap elementor-element-populated\">\n\t\t\t\t\t\t<section class=\"elementor-section elementor-inner-section elementor-element elementor-element-79627d5a elementor-section-height-min-height videosection elementor-section-boxed elementor-section-height-default\" data-id=\"79627d5a\" data-element_type=\"section\" data-settings=\"{&quot;background_background&quot;:&quot;classic&quot;}\">\n\t\t\t\t\t\t<div class=\"elementor-container elementor-column-gap-default\">\n\t\t\t\t\t<div class=\"elementor-column elementor-col-50 elementor-inner-column elementor-element elementor-element-1f277261 elementor-invisible\" data-id=\"1f277261\" data-element_type=\"column\" data-settings=\"{&quot;animation&quot;:&quot;fadeInLeft&quot;}\">\n\t\t\t<div class=\"elementor-widget-wrap\">\n\t\t\t\t\t\t\t<\/div>\n\t\t<\/div>\n\t\t\t\t<div class=\"elementor-column elementor-col-50 elementor-inner-column elementor-element elementor-element-34b07281 offsetelement elementor-invisible\" data-id=\"34b07281\" data-element_type=\"column\" data-settings=\"{&quot;animation&quot;:&quot;fadeInRight&quot;,&quot;background_background&quot;:&quot;classic&quot;}\">\n\t\t\t<div class=\"elementor-widget-wrap elementor-element-populated\">\n\t\t\t\t\t\t<div class=\"elementor-element elementor-element-31b0678b elementor-widget elementor-widget-heading\" data-id=\"31b0678b\" data-element_type=\"widget\" data-widget_type=\"heading.default\">\n\t\t\t\t<div class=\"elementor-widget-container\">\n\t\t\t\t\t<h2 class=\"elementor-heading-title elementor-size-default\">PROGRAMME \nSaturday, april 25th, 2026<\/h2>\t\t\t\t<\/div>\n\t\t\t\t<\/div>\n\t\t\t\t<div class=\"elementor-element elementor-element-4326ab73 elementor-widget elementor-widget-text-editor\" data-id=\"4326ab73\" data-element_type=\"widget\" data-widget_type=\"text-editor.default\">\n\t\t\t\t<div class=\"elementor-widget-container\">\n\t\t\t\t\t\t\t\t\t<p>10:30: Arrival\u00a0<br \/><span style=\"font-size: 16px; font-style: normal; font-weight: 300;\">11:00: Welcome speech by principle Arne Gr\u00f8nb\u00e6k<\/span><span style=\"font-size: 16px;\"><br \/><\/span><span style=\"font-size: 16px;\">11:30: Lunch<br \/><\/span><span style=\"font-size: 16px;\">13:30-14:30 Workshops<br \/><\/span><span style=\"font-size: 16px;\">14:30: Coffee and cake\u00a0<br \/>15:30: Show in the Activity Hall<br \/><\/span><span style=\"font-size: 16px;\">17:00 Hotdogs and Goodbyes\u00a0<\/span><\/p>\t\t\t\t\t\t\t\t<\/div>\n\t\t\t\t<\/div>\n\t\t\t\t\t<\/div>\n\t\t<\/div>\n\t\t\t\t\t<\/div>\n\t\t<\/section>\n\t\t\t\t\t<\/div>\n\t\t<\/div>\n\t\t\t\t\t<\/div>\n\t\t<\/section>\n\t\t\t\t<section class=\"elementor-section elementor-top-section elementor-element elementor-element-1fdd9c15 offsetsection elementor-section-boxed elementor-section-height-default elementor-section-height-default\" data-id=\"1fdd9c15\" data-element_type=\"section\">\n\t\t\t\t\t\t<div class=\"elementor-container elementor-column-gap-default\">\n\t\t\t\t\t<div class=\"elementor-column elementor-col-100 elementor-top-column elementor-element elementor-element-3171658c\" data-id=\"3171658c\" data-element_type=\"column\">\n\t\t\t<div class=\"elementor-widget-wrap elementor-element-populated\">\n\t\t\t\t\t\t<section class=\"elementor-section elementor-inner-section elementor-element elementor-element-56a666d5 elementor-section-boxed elementor-section-height-default elementor-section-height-default\" data-id=\"56a666d5\" data-element_type=\"section\" data-settings=\"{&quot;background_background&quot;:&quot;classic&quot;}\">\n\t\t\t\t\t\t<div class=\"elementor-container elementor-column-gap-default\">\n\t\t\t\t\t<div class=\"elementor-column elementor-col-50 elementor-inner-column elementor-element elementor-element-16b65e26 elementor-invisible\" data-id=\"16b65e26\" data-element_type=\"column\" data-settings=\"{&quot;animation&quot;:&quot;fadeInLeft&quot;}\">\n\t\t\t<div class=\"elementor-widget-wrap elementor-element-populated\">\n\t\t\t\t\t\t<div class=\"elementor-element elementor-element-76ffb735 elementor-widget elementor-widget-heading\" data-id=\"76ffb735\" data-element_type=\"widget\" data-widget_type=\"heading.default\">\n\t\t\t\t<div class=\"elementor-widget-container\">\n\t\t\t\t\t<h2 class=\"elementor-heading-title elementor-size-default\">REGISTRATION<\/h2>\t\t\t\t<\/div>\n\t\t\t\t<\/div>\n\t\t\t\t<div class=\"elementor-element elementor-element-7442409d elementor-widget elementor-widget-text-editor\" data-id=\"7442409d\" data-element_type=\"widget\" data-widget_type=\"text-editor.default\">\n\t\t\t\t<div class=\"elementor-widget-container\">\n\t\t\t\t\t\t\t\t\t<p>Students should register themselves and their families via the school\u2019s intranet, Viggo. Due to limited space, we are forced to limit the number of guests to a maximum of two per student.<\/p><p>It costs 100 DKK per guest to participate, and the price covers both coffee and dinner. The price per guest will be debited from the student\u2019s materials account.<\/p>\t\t\t\t\t\t\t\t<\/div>\n\t\t\t\t<\/div>\n\t\t\t\t\t<\/div>\n\t\t<\/div>\n\t\t\t\t<div class=\"elementor-column elementor-col-50 elementor-inner-column elementor-element elementor-element-64333dfe elementor-invisible\" data-id=\"64333dfe\" data-element_type=\"column\" data-settings=\"{&quot;animation&quot;:&quot;fadeInRight&quot;}\">\n\t\t\t<div class=\"elementor-widget-wrap elementor-element-populated\">\n\t\t\t\t\t\t<div class=\"elementor-element elementor-element-1ad80991 offsetelement elementor-widget elementor-widget-image\" data-id=\"1ad80991\" data-element_type=\"widget\" data-widget_type=\"image.default\">\n\t\t\t\t<div class=\"elementor-widget-container\">\n\t\t\t\t\t\t\t\t\t\t\t\t\t\t\t<img decoding=\"async\" src=\"https:\/\/www.ihaarhus.dk\/wp-content\/uploads\/elementor\/thumbs\/DSC05714-scaled-qweojf8c0r1khssind6tdigkcwz7jxdopfuuca1eh4.jpg\" title=\"DSC05714\" alt=\"DSC05714\" loading=\"lazy\" \/>\t\t\t\t\t\t\t\t\t\t\t\t\t\t\t<\/div>\n\t\t\t\t<\/div>\n\t\t\t\t\t<\/div>\n\t\t<\/div>\n\t\t\t\t\t<\/div>\n\t\t<\/section>\n\t\t\t\t\t<\/div>\n\t\t<\/div>\n\t\t\t\t\t<\/div>\n\t\t<\/section>\n\t\t\t\t<section class=\"elementor-section elementor-top-section elementor-element elementor-element-2d5c8e9f elementor-section-boxed elementor-section-height-default elementor-section-height-default\" data-id=\"2d5c8e9f\" data-element_type=\"section\">\n\t\t\t\t\t\t<div class=\"elementor-container elementor-column-gap-default\">\n\t\t\t\t\t<div class=\"elementor-column elementor-col-100 elementor-top-column elementor-element elementor-element-657bc1c7\" data-id=\"657bc1c7\" data-element_type=\"column\">\n\t\t\t<div class=\"elementor-widget-wrap elementor-element-populated\">\n\t\t\t\t\t\t<div class=\"elementor-element elementor-element-540e4d4c elementor-widget elementor-widget-heading\" data-id=\"540e4d4c\" data-element_type=\"widget\" data-widget_type=\"heading.default\">\n\t\t\t\t<div class=\"elementor-widget-container\">\n\t\t\t\t\t<h2 class=\"elementor-heading-title elementor-size-default\"><span style=\"font-family: roboto;text-transform: normal\">Life at<\/span> <span style=\"color: #0f3fb8;text-transform: uppercase\">#IHAARHUS<\/span><\/h2>\t\t\t\t<\/div>\n\t\t\t\t<\/div>\n\t\t\t\t<div class=\"elementor-element elementor-element-785a2146 elementor-hidden-phone elementor-widget elementor-widget-shortcode\" data-id=\"785a2146\" data-element_type=\"widget\" data-widget_type=\"shortcode.default\">\n\t\t\t\t<div class=\"elementor-widget-container\">\n\t\t\t\t\t\t\t<div class=\"elementor-shortcode\">\n<div id=\"sb_instagram\"  class=\"sbi sbi_mob_col_2 sbi_tab_col_2 sbi_col_4 sbi_width_resp\" style=\"padding-bottom: 10px;\" data-feedid=\"*1\"  data-res=\"auto\" data-cols=\"4\" data-colsmobile=\"2\" data-colstablet=\"2\" data-num=\"4\" data-nummobile=\"4\" data-item-padding=\"5\" data-shortcode-atts=\"{&quot;feed&quot;:&quot;1&quot;}\"  data-postid=\"3758\" data-locatornonce=\"accf9a445d\" data-sbi-flags=\"favorLocal,ajaxPostLoad\">\n\t\n    <div id=\"sbi_images\"  style=\"gap: 10px;\">\n\t\t    <\/div>\n\n\t<div id=\"sbi_load\" >\n\n\t\n\t\n<\/div>\n\n\t    <span class=\"sbi_resized_image_data\" data-feed-id=\"*1\" data-resized=\"[]\">\n\t<\/span>\n\t<\/div>\n\n<script type=\"text\/javascript\">var sb_instagram_js_options = {\"font_method\":\"svg\",\"placeholder\":\"https:\\\/\\\/www.ihaarhus.dk\\\/wp-content\\\/plugins\\\/instagram-feed\\\/img\\\/placeholder.png\",\"resized_url\":\"https:\\\/\\\/www.ihaarhus.dk\\\/wp-content\\\/uploads\\\/sb-instagram-feed-images\\\/\",\"ajax_url\":\"https:\\\/\\\/www.ihaarhus.dk\\\/wp-admin\\\/admin-ajax.php\"};<\/script><script type='text\/javascript' src='https:\/\/www.ihaarhus.dk\/wp-content\/plugins\/instagram-feed\/js\/sbi-scripts.min.js?ver=6.6.1'><\/script><\/div>\n\t\t\t\t\t\t<\/div>\n\t\t\t\t<\/div>\n\t\t\t\t\t<\/div>\n\t\t<\/div>\n\t\t\t\t\t<\/div>\n\t\t<\/section>\n\t\t\t\t<\/div>\n\t\t","protected":false},"excerpt":{"rendered":"<p>Family day Invite your family to IH\u00c5 At our Folk High School, we host a family day once every spring and fall, where parents, siblings, and other family members are welcome to visit and experience the unique atmosphere of our school. The day will include elements from everyday life at the Folk High School, such [&hellip;]<\/p>\n","protected":false},"author":2,"featured_media":0,"parent":3950,"menu_order":0,"comment_status":"closed","ping_status":"closed","template":"","meta":{"_acf_changed":false,"site-sidebar-layout":"no-sidebar","site-content-layout":"page-builder","ast-site-content-layout":"","site-content-style":"default","site-sidebar-style":"default","ast-global-header-display":"","ast-banner-title-visibility":"","ast-main-header-display":"","ast-hfb-above-header-display":"","ast-hfb-below-header-display":"","ast-hfb-mobile-header-display":"","site-post-title":"disabled","ast-breadcrumbs-content":"","ast-featured-img":"disabled","footer-sml-layout":"","theme-transparent-header-meta":"default","adv-header-id-meta":"","stick-header-meta":"default","header-above-stick-meta":"","header-main-stick-meta":"","header-below-stick-meta":"","astra-migrate-meta-layouts":"default","ast-page-background-enabled":"default","ast-page-background-meta":{"desktop":{"background-color":"","background-image":"","background-repeat":"repeat","background-position":"center center","background-size":"auto","background-attachment":"scroll","background-type":"","background-media":"","overlay-type":"","overlay-color":"","overlay-opacity":"","overlay-gradient":""},"tablet":{"background-color":"","background-image":"","background-repeat":"repeat","background-position":"center center","background-size":"auto","background-attachment":"scroll","background-type":"","background-media":"","overlay-type":"","overlay-color":"","overlay-opacity":"","overlay-gradient":""},"mobile":{"background-color":"","background-image":"","background-repeat":"repeat","background-position":"center center","background-size":"auto","background-attachment":"scroll","background-type":"","background-media":"","overlay-type":"","overlay-color":"","overlay-opacity":"","overlay-gradient":""}},"ast-content-background-meta":{"desktop":{"background-color":"var(--ast-global-color-5)","background-image":"","background-repeat":"repeat","background-position":"center center","background-size":"auto","background-attachment":"scroll","background-type":"","background-media":"","overlay-type":"","overlay-color":"","overlay-opacity":"","overlay-gradient":""},"tablet":{"background-color":"var(--ast-global-color-5)","background-image":"","background-repeat":"repeat","background-position":"center center","background-size":"auto","background-attachment":"scroll","background-type":"","background-media":"","overlay-type":"","overlay-color":"","overlay-opacity":"","overlay-gradient":""},"mobile":{"background-color":"var(--ast-global-color-5)","background-image":"","background-repeat":"repeat","background-position":"center center","background-size":"auto","background-attachment":"scroll","background-type":"","background-media":"","overlay-type":"","overlay-color":"","overlay-opacity":"","overlay-gradient":""}},"footnotes":""},"class_list":["post-3758","page","type-page","status-publish","hentry"],"acf":[],"yoast_head":"<!-- This site is optimized with the Yoast SEO plugin v24.1 - https:\/\/yoast.com\/wordpress\/plugins\/seo\/ -->\n<title>Family day - \u00c5rhus Idr\u00e6tsh\u00f8jskole<\/title>\n<meta name=\"robots\" content=\"index, follow, max-snippet:-1, max-image-preview:large, max-video-preview:-1\" \/>\n<link rel=\"canonical\" href=\"https:\/\/www.ihaarhus.dk\/en\/practical-info\/family-day\/\" \/>\n<meta property=\"og:locale\" content=\"en_US\" \/>\n<meta property=\"og:type\" content=\"article\" \/>\n<meta property=\"og:title\" content=\"Family day - \u00c5rhus Idr\u00e6tsh\u00f8jskole\" \/>\n<meta property=\"og:description\" content=\"Family day Invite your family to IH\u00c5 At our Folk High School, we host a family day once every spring and fall, where parents, siblings, and other family members are welcome to visit and experience the unique atmosphere of our school. The day will include elements from everyday life at the Folk High School, such [&hellip;]\" \/>\n<meta property=\"og:url\" content=\"https:\/\/www.ihaarhus.dk\/en\/practical-info\/family-day\/\" \/>\n<meta property=\"og:site_name\" content=\"\u00c5rhus Idr\u00e6tsh\u00f8jskole\" \/>\n<meta property=\"article:publisher\" content=\"https:\/\/www.facebook.com\/ihaarhus\" \/>\n<meta property=\"article:modified_time\" content=\"2026-03-04T10:54:35+00:00\" \/>\n<meta property=\"og:image\" content=\"https:\/\/www.ihaarhus.dk\/wp-content\/uploads\/elementor\/thumbs\/DSC05714-scaled-qweojf8c0r1khssind6tdigkcwz7jxdopfuuca1eh4.jpg\" \/>\n<meta name=\"twitter:card\" content=\"summary_large_image\" \/>\n<meta name=\"twitter:label1\" content=\"Est. reading time\" \/>\n\t<meta name=\"twitter:data1\" content=\"1 minute\" \/>\n<script type=\"application\/ld+json\" class=\"yoast-schema-graph\">{\"@context\":\"https:\/\/schema.org\",\"@graph\":[{\"@type\":\"WebPage\",\"@id\":\"https:\/\/www.ihaarhus.dk\/en\/practical-info\/family-day\/\",\"url\":\"https:\/\/www.ihaarhus.dk\/en\/practical-info\/family-day\/\",\"name\":\"Family day - \u00c5rhus Idr\u00e6tsh\u00f8jskole\",\"isPartOf\":{\"@id\":\"https:\/\/www.ihaarhus.dk\/en\/#website\"},\"primaryImageOfPage\":{\"@id\":\"https:\/\/www.ihaarhus.dk\/en\/practical-info\/family-day\/#primaryimage\"},\"image\":{\"@id\":\"https:\/\/www.ihaarhus.dk\/en\/practical-info\/family-day\/#primaryimage\"},\"thumbnailUrl\":\"https:\/\/www.ihaarhus.dk\/wp-content\/uploads\/elementor\/thumbs\/DSC05714-scaled-qweojf8c0r1khssind6tdigkcwz7jxdopfuuca1eh4.jpg\",\"datePublished\":\"2020-08-03T08:39:38+00:00\",\"dateModified\":\"2026-03-04T10:54:35+00:00\",\"breadcrumb\":{\"@id\":\"https:\/\/www.ihaarhus.dk\/en\/practical-info\/family-day\/#breadcrumb\"},\"inLanguage\":\"en-US\",\"potentialAction\":[{\"@type\":\"ReadAction\",\"target\":[\"https:\/\/www.ihaarhus.dk\/en\/practical-info\/family-day\/\"]}]},{\"@type\":\"ImageObject\",\"inLanguage\":\"en-US\",\"@id\":\"https:\/\/www.ihaarhus.dk\/en\/practical-info\/family-day\/#primaryimage\",\"url\":\"https:\/\/www.ihaarhus.dk\/wp-content\/uploads\/elementor\/thumbs\/DSC05714-scaled-qweojf8c0r1khssind6tdigkcwz7jxdopfuuca1eh4.jpg\",\"contentUrl\":\"https:\/\/www.ihaarhus.dk\/wp-content\/uploads\/elementor\/thumbs\/DSC05714-scaled-qweojf8c0r1khssind6tdigkcwz7jxdopfuuca1eh4.jpg\"},{\"@type\":\"BreadcrumbList\",\"@id\":\"https:\/\/www.ihaarhus.dk\/en\/practical-info\/family-day\/#breadcrumb\",\"itemListElement\":[{\"@type\":\"ListItem\",\"position\":1,\"name\":\"Hjem\",\"item\":\"https:\/\/www.ihaarhus.dk\/en\/\"},{\"@type\":\"ListItem\",\"position\":2,\"name\":\"Practical info\",\"item\":\"https:\/\/www.ihaarhus.dk\/en\/practical-info\/\"},{\"@type\":\"ListItem\",\"position\":3,\"name\":\"Family day\"}]},{\"@type\":\"WebSite\",\"@id\":\"https:\/\/www.ihaarhus.dk\/en\/#website\",\"url\":\"https:\/\/www.ihaarhus.dk\/en\/\",\"name\":\"Idr\u00e6tsh\u00f8jskolen Aarhus\",\"description\":\"\",\"publisher\":{\"@id\":\"https:\/\/www.ihaarhus.dk\/en\/#organization\"},\"potentialAction\":[{\"@type\":\"SearchAction\",\"target\":{\"@type\":\"EntryPoint\",\"urlTemplate\":\"https:\/\/www.ihaarhus.dk\/en\/?s={search_term_string}\"},\"query-input\":{\"@type\":\"PropertyValueSpecification\",\"valueRequired\":true,\"valueName\":\"search_term_string\"}}],\"inLanguage\":\"en-US\"},{\"@type\":\"Organization\",\"@id\":\"https:\/\/www.ihaarhus.dk\/en\/#organization\",\"name\":\"Idr\u00e6tsh\u00f8jskolen Aarhus\",\"url\":\"https:\/\/www.ihaarhus.dk\/en\/\",\"logo\":{\"@type\":\"ImageObject\",\"inLanguage\":\"en-US\",\"@id\":\"https:\/\/www.ihaarhus.dk\/en\/#\/schema\/logo\/image\/\",\"url\":\"https:\/\/www.ihaarhus.dk\/wp-content\/uploads\/2020\/02\/logo.png\",\"contentUrl\":\"https:\/\/www.ihaarhus.dk\/wp-content\/uploads\/2020\/02\/logo.png\",\"width\":527,\"height\":117,\"caption\":\"Idr\u00e6tsh\u00f8jskolen Aarhus\"},\"image\":{\"@id\":\"https:\/\/www.ihaarhus.dk\/en\/#\/schema\/logo\/image\/\"},\"sameAs\":[\"https:\/\/www.facebook.com\/ihaarhus\"]}]}<\/script>\n<!-- \/ Yoast SEO plugin. -->","yoast_head_json":{"title":"Family day - \u00c5rhus Idr\u00e6tsh\u00f8jskole","robots":{"index":"index","follow":"follow","max-snippet":"max-snippet:-1","max-image-preview":"max-image-preview:large","max-video-preview":"max-video-preview:-1"},"canonical":"https:\/\/www.ihaarhus.dk\/en\/practical-info\/family-day\/","og_locale":"en_US","og_type":"article","og_title":"Family day - \u00c5rhus Idr\u00e6tsh\u00f8jskole","og_description":"Family day Invite your family to IH\u00c5 At our Folk High School, we host a family day once every spring and fall, where parents, siblings, and other family members are welcome to visit and experience the unique atmosphere of our school. The day will include elements from everyday life at the Folk High School, such [&hellip;]","og_url":"https:\/\/www.ihaarhus.dk\/en\/practical-info\/family-day\/","og_site_name":"\u00c5rhus Idr\u00e6tsh\u00f8jskole","article_publisher":"https:\/\/www.facebook.com\/ihaarhus","article_modified_time":"2026-03-04T10:54:35+00:00","og_image":[{"url":"https:\/\/www.ihaarhus.dk\/wp-content\/uploads\/elementor\/thumbs\/DSC05714-scaled-qweojf8c0r1khssind6tdigkcwz7jxdopfuuca1eh4.jpg","type":"","width":"","height":""}],"twitter_card":"summary_large_image","twitter_misc":{"Est. reading time":"1 minute"},"schema":{"@context":"https:\/\/schema.org","@graph":[{"@type":"WebPage","@id":"https:\/\/www.ihaarhus.dk\/en\/practical-info\/family-day\/","url":"https:\/\/www.ihaarhus.dk\/en\/practical-info\/family-day\/","name":"Family day - \u00c5rhus Idr\u00e6tsh\u00f8jskole","isPartOf":{"@id":"https:\/\/www.ihaarhus.dk\/en\/#website"},"primaryImageOfPage":{"@id":"https:\/\/www.ihaarhus.dk\/en\/practical-info\/family-day\/#primaryimage"},"image":{"@id":"https:\/\/www.ihaarhus.dk\/en\/practical-info\/family-day\/#primaryimage"},"thumbnailUrl":"https:\/\/www.ihaarhus.dk\/wp-content\/uploads\/elementor\/thumbs\/DSC05714-scaled-qweojf8c0r1khssind6tdigkcwz7jxdopfuuca1eh4.jpg","datePublished":"2020-08-03T08:39:38+00:00","dateModified":"2026-03-04T10:54:35+00:00","breadcrumb":{"@id":"https:\/\/www.ihaarhus.dk\/en\/practical-info\/family-day\/#breadcrumb"},"inLanguage":"en-US","potentialAction":[{"@type":"ReadAction","target":["https:\/\/www.ihaarhus.dk\/en\/practical-info\/family-day\/"]}]},{"@type":"ImageObject","inLanguage":"en-US","@id":"https:\/\/www.ihaarhus.dk\/en\/practical-info\/family-day\/#primaryimage","url":"https:\/\/www.ihaarhus.dk\/wp-content\/uploads\/elementor\/thumbs\/DSC05714-scaled-qweojf8c0r1khssind6tdigkcwz7jxdopfuuca1eh4.jpg","contentUrl":"https:\/\/www.ihaarhus.dk\/wp-content\/uploads\/elementor\/thumbs\/DSC05714-scaled-qweojf8c0r1khssind6tdigkcwz7jxdopfuuca1eh4.jpg"},{"@type":"BreadcrumbList","@id":"https:\/\/www.ihaarhus.dk\/en\/practical-info\/family-day\/#breadcrumb","itemListElement":[{"@type":"ListItem","position":1,"name":"Hjem","item":"https:\/\/www.ihaarhus.dk\/en\/"},{"@type":"ListItem","position":2,"name":"Practical info","item":"https:\/\/www.ihaarhus.dk\/en\/practical-info\/"},{"@type":"ListItem","position":3,"name":"Family day"}]},{"@type":"WebSite","@id":"https:\/\/www.ihaarhus.dk\/en\/#website","url":"https:\/\/www.ihaarhus.dk\/en\/","name":"Idr\u00e6tsh\u00f8jskolen Aarhus","description":"","publisher":{"@id":"https:\/\/www.ihaarhus.dk\/en\/#organization"},"potentialAction":[{"@type":"SearchAction","target":{"@type":"EntryPoint","urlTemplate":"https:\/\/www.ihaarhus.dk\/en\/?s={search_term_string}"},"query-input":{"@type":"PropertyValueSpecification","valueRequired":true,"valueName":"search_term_string"}}],"inLanguage":"en-US"},{"@type":"Organization","@id":"https:\/\/www.ihaarhus.dk\/en\/#organization","name":"Idr\u00e6tsh\u00f8jskolen Aarhus","url":"https:\/\/www.ihaarhus.dk\/en\/","logo":{"@type":"ImageObject","inLanguage":"en-US","@id":"https:\/\/www.ihaarhus.dk\/en\/#\/schema\/logo\/image\/","url":"https:\/\/www.ihaarhus.dk\/wp-content\/uploads\/2020\/02\/logo.png","contentUrl":"https:\/\/www.ihaarhus.dk\/wp-content\/uploads\/2020\/02\/logo.png","width":527,"height":117,"caption":"Idr\u00e6tsh\u00f8jskolen Aarhus"},"image":{"@id":"https:\/\/www.ihaarhus.dk\/en\/#\/schema\/logo\/image\/"},"sameAs":["https:\/\/www.facebook.com\/ihaarhus"]}]}},"_links":{"self":[{"href":"https:\/\/www.ihaarhus.dk\/en\/wp-json\/wp\/v2\/pages\/3758","targetHints":{"allow":["GET"]}}],"collection":[{"href":"https:\/\/www.ihaarhus.dk\/en\/wp-json\/wp\/v2\/pages"}],"about":[{"href":"https:\/\/www.ihaarhus.dk\/en\/wp-json\/wp\/v2\/types\/page"}],"author":[{"embeddable":true,"href":"https:\/\/www.ihaarhus.dk\/en\/wp-json\/wp\/v2\/users\/2"}],"replies":[{"embeddable":true,"href":"https:\/\/www.ihaarhus.dk\/en\/wp-json\/wp\/v2\/comments?post=3758"}],"version-history":[{"count":56,"href":"https:\/\/www.ihaarhus.dk\/en\/wp-json\/wp\/v2\/pages\/3758\/revisions"}],"predecessor-version":[{"id":28435,"href":"https:\/\/www.ihaarhus.dk\/en\/wp-json\/wp\/v2\/pages\/3758\/revisions\/28435"}],"up":[{"embeddable":true,"href":"https:\/\/www.ihaarhus.dk\/en\/wp-json\/wp\/v2\/pages\/3950"}],"wp:attachment":[{"href":"https:\/\/www.ihaarhus.dk\/en\/wp-json\/wp\/v2\/media?parent=3758"}],"curies":[{"name":"wp","href":"https:\/\/api.w.org\/{rel}","templated":true}]}}