{"id":22914,"date":"2024-10-08T14:46:05","date_gmt":"2024-10-08T12:46:05","guid":{"rendered":"https:\/\/www.ihaarhus.dk\/?page_id=22914"},"modified":"2025-02-13T14:24:10","modified_gmt":"2025-02-13T13:24:10","slug":"guidelines","status":"publish","type":"page","link":"https:\/\/www.ihaarhus.dk\/en\/about-ihaa\/guidelines\/","title":{"rendered":"Guidelines"},"content":{"rendered":"\t\t<div data-elementor-type=\"wp-page\" data-elementor-id=\"22914\" class=\"elementor elementor-22914 elementor-22740\" data-elementor-post-type=\"page\">\n\t\t\t\t\t\t<section class=\"elementor-section elementor-top-section elementor-element elementor-element-7bbf0f elementor-section-full_width elementor-section-height-default elementor-section-height-default\" data-id=\"7bbf0f\" data-element_type=\"section\">\n\t\t\t\t\t\t<div class=\"elementor-container elementor-column-gap-default\">\n\t\t\t\t\t<div class=\"elementor-column elementor-col-100 elementor-top-column elementor-element elementor-element-13fbe59e\" data-id=\"13fbe59e\" data-element_type=\"column\">\n\t\t\t<div class=\"elementor-widget-wrap elementor-element-populated\">\n\t\t\t\t\t\t<div class=\"elementor-element elementor-element-d90f80b elementor--v-position-bottom hero elementor--h-position-center elementor-arrows-position-inside elementor-widget elementor-widget-slides\" data-id=\"d90f80b\" data-element_type=\"widget\" data-settings=\"{&quot;navigation&quot;:&quot;arrows&quot;,&quot;autoplay&quot;:&quot;yes&quot;,&quot;pause_on_hover&quot;:&quot;yes&quot;,&quot;pause_on_interaction&quot;:&quot;yes&quot;,&quot;autoplay_speed&quot;:5000,&quot;infinite&quot;:&quot;yes&quot;,&quot;transition&quot;:&quot;slide&quot;,&quot;transition_speed&quot;:500}\" data-widget_type=\"slides.default\">\n\t\t\t\t<div class=\"elementor-widget-container\">\n\t\t\t\t\t\t\t\t\t<div class=\"elementor-swiper\">\n\t\t\t\t\t<div class=\"elementor-slides-wrapper elementor-main-swiper swiper\" role=\"region\" aria-roledescription=\"carousel\" aria-label=\"Dias (slides)\" dir=\"ltr\" data-animation=\"fadeInUp\">\n\t\t\t\t<div class=\"swiper-wrapper elementor-slides\">\n\t\t\t\t\t\t\t\t\t\t<div class=\"elementor-repeater-item-ace03d6 swiper-slide\" role=\"group\" aria-roledescription=\"slide\"><div class=\"swiper-slide-bg\" role=\"img\"><\/div><div class=\"swiper-slide-inner\" ><div class=\"swiper-slide-contents\"><div class=\"elementor-slide-heading\">Guidelines<\/div><\/div><\/div><\/div>\t\t\t\t<\/div>\n\t\t\t\t\t\t\t<\/div>\n\t\t\t\t<\/div>\n\t\t\t\t\t\t\t\t<\/div>\n\t\t\t\t<\/div>\n\t\t\t\t<div class=\"elementor-element elementor-element-d5b9555 elementor-widget elementor-widget-spacer\" data-id=\"d5b9555\" data-element_type=\"widget\" data-widget_type=\"spacer.default\">\n\t\t\t\t<div class=\"elementor-widget-container\">\n\t\t\t\t\t\t\t<div class=\"elementor-spacer\">\n\t\t\t<div class=\"elementor-spacer-inner\"><\/div>\n\t\t<\/div>\n\t\t\t\t\t\t<\/div>\n\t\t\t\t<\/div>\n\t\t\t\t<section class=\"elementor-section elementor-inner-section elementor-element elementor-element-2999ef99 elementor-section-boxed elementor-section-height-default elementor-section-height-default\" data-id=\"2999ef99\" data-element_type=\"section\" data-settings=\"{&quot;background_background&quot;:&quot;classic&quot;}\">\n\t\t\t\t\t\t<div class=\"elementor-container elementor-column-gap-default\">\n\t\t\t\t\t<div class=\"elementor-column elementor-col-50 elementor-inner-column elementor-element elementor-element-67ed7607 elementor-invisible\" data-id=\"67ed7607\" data-element_type=\"column\" data-settings=\"{&quot;animation&quot;:&quot;fadeInLeft&quot;}\">\n\t\t\t<div class=\"elementor-widget-wrap elementor-element-populated\">\n\t\t\t\t\t\t<div class=\"elementor-element elementor-element-82096dd elementor-widget elementor-widget-heading\" data-id=\"82096dd\" data-element_type=\"widget\" data-widget_type=\"heading.default\">\n\t\t\t\t<div class=\"elementor-widget-container\">\n\t\t\t\t\t<h2 class=\"elementor-heading-title elementor-size-default\">gender policy<\/h2>\t\t\t\t<\/div>\n\t\t\t\t<\/div>\n\t\t\t\t<div class=\"elementor-element elementor-element-214326f3 elementor-widget elementor-widget-text-editor\" data-id=\"214326f3\" data-element_type=\"widget\" data-widget_type=\"text-editor.default\">\n\t\t\t\t<div class=\"elementor-widget-container\">\n\t\t\t\t\t\t\t\t\t<div class=\"flex max-w-full flex-col flex-grow\"><div class=\"min-h-8 text-message flex w-full flex-col items-end gap-2 whitespace-normal break-words [.text-message+&amp;]:mt-5\" dir=\"auto\" data-message-author-role=\"assistant\" data-message-id=\"30d3f821-9d0f-4c83-91f1-d50fbe5b82da\"><div class=\"flex w-full flex-col gap-1 empty:hidden first:pt-[3px]\"><div class=\"markdown prose w-full break-words dark:prose-invert light\"><p>At IH\u00c5, we have adopted a gender policy that aims for an equal gender distribution in our long courses to ensure the broadest possible composition within our student group. Therefore, our student groups are created with a distribution between female and male students of no more than 55\/45 or 45\/55. Specifically, this means that we will establish a waiting list for the group that first exceeds 55% of the budgeted student number for that particular class, allowing us to try to correct any imbalance in gender distribution before the course starts. In this way, we ensure the broadest possible student group, which helps us fulfill the main objectives of our courses: enlightenment, popular education, and democratic formation. Other gender identities, such as transgender individuals, are, of course, also very welcome in our courses.<\/p><\/div><\/div><\/div><\/div>\t\t\t\t\t\t\t\t<\/div>\n\t\t\t\t<\/div>\n\t\t\t\t\t<\/div>\n\t\t<\/div>\n\t\t\t\t<div class=\"elementor-column elementor-col-50 elementor-inner-column elementor-element elementor-element-5855978f elementor-invisible\" data-id=\"5855978f\" data-element_type=\"column\" data-settings=\"{&quot;animation&quot;:&quot;fadeInRight&quot;}\">\n\t\t\t<div class=\"elementor-widget-wrap elementor-element-populated\">\n\t\t\t\t\t\t<div class=\"elementor-element elementor-element-3cf8cc1 offsetelement elementor-widget elementor-widget-image\" data-id=\"3cf8cc1\" data-element_type=\"widget\" data-widget_type=\"image.default\">\n\t\t\t\t<div class=\"elementor-widget-container\">\n\t\t\t\t\t\t\t\t\t\t\t\t\t\t\t<img decoding=\"async\" src=\"https:\/\/www.ihaarhus.dk\/wp-content\/uploads\/elementor\/thumbs\/DSC02922-qv26guce50dbvn1n9toz01sve2gvno72uv9wbejzq8.jpg\" title=\"DSC02922\" alt=\"DSC02922\" loading=\"lazy\" \/>\t\t\t\t\t\t\t\t\t\t\t\t\t\t\t<\/div>\n\t\t\t\t<\/div>\n\t\t\t\t\t<\/div>\n\t\t<\/div>\n\t\t\t\t\t<\/div>\n\t\t<\/section>\n\t\t\t\t\t<\/div>\n\t\t<\/div>\n\t\t\t\t\t<\/div>\n\t\t<\/section>\n\t\t\t\t<section class=\"elementor-section elementor-top-section elementor-element elementor-element-155de8b8 elementor-section-boxed elementor-section-height-default elementor-section-height-default\" data-id=\"155de8b8\" data-element_type=\"section\" data-settings=\"{&quot;background_background&quot;:&quot;classic&quot;}\">\n\t\t\t\t\t\t<div class=\"elementor-container elementor-column-gap-default\">\n\t\t\t\t\t<div class=\"elementor-column elementor-col-100 elementor-top-column elementor-element elementor-element-50c69c7c\" data-id=\"50c69c7c\" data-element_type=\"column\">\n\t\t\t<div class=\"elementor-widget-wrap elementor-element-populated\">\n\t\t\t\t\t\t<section class=\"elementor-section elementor-inner-section elementor-element elementor-element-10198bb6 elementor-section-height-min-height videosection elementor-section-boxed elementor-section-height-default\" data-id=\"10198bb6\" data-element_type=\"section\" data-settings=\"{&quot;background_background&quot;:&quot;classic&quot;}\">\n\t\t\t\t\t\t<div class=\"elementor-container elementor-column-gap-default\">\n\t\t\t\t\t<div class=\"elementor-column elementor-col-50 elementor-inner-column elementor-element elementor-element-15468b04 elementor-invisible\" data-id=\"15468b04\" data-element_type=\"column\" data-settings=\"{&quot;animation&quot;:&quot;fadeInLeft&quot;}\">\n\t\t\t<div class=\"elementor-widget-wrap\">\n\t\t\t\t\t\t\t<\/div>\n\t\t<\/div>\n\t\t\t\t<div class=\"elementor-column elementor-col-50 elementor-inner-column elementor-element elementor-element-57fad8b7 offsetelement elementor-invisible\" data-id=\"57fad8b7\" data-element_type=\"column\" data-settings=\"{&quot;animation&quot;:&quot;fadeInRight&quot;,&quot;background_background&quot;:&quot;classic&quot;}\">\n\t\t\t<div class=\"elementor-widget-wrap elementor-element-populated\">\n\t\t\t\t\t\t<div class=\"elementor-element elementor-element-7b5ac659 elementor-widget elementor-widget-heading\" data-id=\"7b5ac659\" data-element_type=\"widget\" data-widget_type=\"heading.default\">\n\t\t\t\t<div class=\"elementor-widget-container\">\n\t\t\t\t\t<h2 class=\"elementor-heading-title elementor-size-default\">Alcohol Policy<\/h2>\t\t\t\t<\/div>\n\t\t\t\t<\/div>\n\t\t\t\t<div class=\"elementor-element elementor-element-3dd206cf elementor-widget elementor-widget-text-editor\" data-id=\"3dd206cf\" data-element_type=\"widget\" data-widget_type=\"text-editor.default\">\n\t\t\t\t<div class=\"elementor-widget-container\">\n\t\t\t\t\t\t\t\t\t<p>At IH\u00c5, we have a few simple guidelines that we follow regarding alcohol, smoking, and recreational drugs.<\/p><p>Alcohol: At parties and in the lounge, beer, breezers, and wine are sold, and a welcome drink is often served. At larger events hosted by the student association, light cocktails are also available. Additionally, no alcohol is allowed during weekdays, and alcohol cannot be stored in the rooms.<\/p><p>Smoking must take place outside the school premises.<\/p><p>Recreational drugs are not tolerated at the school, neither possession nor use.<\/p>\t\t\t\t\t\t\t\t<\/div>\n\t\t\t\t<\/div>\n\t\t\t\t\t<\/div>\n\t\t<\/div>\n\t\t\t\t\t<\/div>\n\t\t<\/section>\n\t\t\t\t\t<\/div>\n\t\t<\/div>\n\t\t\t\t\t<\/div>\n\t\t<\/section>\n\t\t\t\t<section class=\"elementor-section elementor-top-section elementor-element elementor-element-2b077ec elementor-section-boxed elementor-section-height-default elementor-section-height-default\" data-id=\"2b077ec\" data-element_type=\"section\">\n\t\t\t\t\t\t<div class=\"elementor-container elementor-column-gap-default\">\n\t\t\t\t\t<div class=\"elementor-column elementor-col-100 elementor-top-column elementor-element elementor-element-2c7fb27\" data-id=\"2c7fb27\" data-element_type=\"column\">\n\t\t\t<div class=\"elementor-widget-wrap elementor-element-populated\">\n\t\t\t\t\t\t<div class=\"elementor-element elementor-element-6804ba2 elementor-widget elementor-widget-heading\" data-id=\"6804ba2\" data-element_type=\"widget\" data-widget_type=\"heading.default\">\n\t\t\t\t<div class=\"elementor-widget-container\">\n\t\t\t\t\t<h2 class=\"elementor-heading-title elementor-size-default\">policy for staff interaction with students<\/h2>\t\t\t\t<\/div>\n\t\t\t\t<\/div>\n\t\t\t\t<div class=\"elementor-element elementor-element-01799bc elementor-widget elementor-widget-text-editor\" data-id=\"01799bc\" data-element_type=\"widget\" data-widget_type=\"text-editor.default\">\n\t\t\t\t<div class=\"elementor-widget-container\">\n\t\t\t\t\t\t\t\t\t<p>Staff are not permitted to have relationships or sexual interactions with students. In such cases, this may result in dismissal from the workplace. Similarly, employees should be aware that statements of a harassing nature can lead to disciplinary action.<\/p>\t\t\t\t\t\t\t\t<\/div>\n\t\t\t\t<\/div>\n\t\t\t\t\t<\/div>\n\t\t<\/div>\n\t\t\t\t\t<\/div>\n\t\t<\/section>\n\t\t\t\t<section class=\"elementor-section elementor-top-section elementor-element elementor-element-5f3aa6bc elementor-section-boxed elementor-section-height-default elementor-section-height-default\" data-id=\"5f3aa6bc\" data-element_type=\"section\">\n\t\t\t\t\t\t<div class=\"elementor-container elementor-column-gap-default\">\n\t\t\t\t\t<div class=\"elementor-column elementor-col-100 elementor-top-column elementor-element elementor-element-1f0b4b60\" data-id=\"1f0b4b60\" data-element_type=\"column\">\n\t\t\t<div class=\"elementor-widget-wrap elementor-element-populated\">\n\t\t\t\t\t\t<div class=\"elementor-element elementor-element-6418a55e elementor-widget elementor-widget-heading\" data-id=\"6418a55e\" data-element_type=\"widget\" data-widget_type=\"heading.default\">\n\t\t\t\t<div class=\"elementor-widget-container\">\n\t\t\t\t\t<h2 class=\"elementor-heading-title elementor-size-default\"><span style=\"font-family: roboto;text-transform: normal\">Life at<\/span> <span style=\"color: #0f3fb8;text-transform: uppercase\">#IHAARHUS<\/span><\/h2>\t\t\t\t<\/div>\n\t\t\t\t<\/div>\n\t\t\t\t<div class=\"elementor-element elementor-element-6f0a33ab elementor-hidden-phone elementor-widget elementor-widget-shortcode\" data-id=\"6f0a33ab\" data-element_type=\"widget\" data-widget_type=\"shortcode.default\">\n\t\t\t\t<div class=\"elementor-widget-container\">\n\t\t\t\t\t\t\t<div class=\"elementor-shortcode\">\n<div id=\"sb_instagram\"  class=\"sbi sbi_mob_col_2 sbi_tab_col_2 sbi_col_4 sbi_width_resp\" style=\"padding-bottom: 10px;\" data-feedid=\"*1\"  data-res=\"auto\" data-cols=\"4\" data-colsmobile=\"2\" data-colstablet=\"2\" data-num=\"4\" data-nummobile=\"4\" data-item-padding=\"5\" data-shortcode-atts=\"{&quot;feed&quot;:&quot;1&quot;}\"  data-postid=\"22914\" data-locatornonce=\"04326f17ee\" data-sbi-flags=\"favorLocal,ajaxPostLoad\">\n\t\n    <div id=\"sbi_images\"  style=\"gap: 10px;\">\n\t\t    <\/div>\n\n\t<div id=\"sbi_load\" >\n\n\t\n\t\n<\/div>\n\n\t    <span class=\"sbi_resized_image_data\" data-feed-id=\"*1\" data-resized=\"[]\">\n\t<\/span>\n\t<\/div>\n\n<script type=\"text\/javascript\">var sb_instagram_js_options = {\"font_method\":\"svg\",\"placeholder\":\"https:\\\/\\\/www.ihaarhus.dk\\\/wp-content\\\/plugins\\\/instagram-feed\\\/img\\\/placeholder.png\",\"resized_url\":\"https:\\\/\\\/www.ihaarhus.dk\\\/wp-content\\\/uploads\\\/sb-instagram-feed-images\\\/\",\"ajax_url\":\"https:\\\/\\\/www.ihaarhus.dk\\\/wp-admin\\\/admin-ajax.php\"};<\/script><script type='text\/javascript' src='https:\/\/www.ihaarhus.dk\/wp-content\/plugins\/instagram-feed\/js\/sbi-scripts.min.js?ver=6.6.1'><\/script><\/div>\n\t\t\t\t\t\t<\/div>\n\t\t\t\t<\/div>\n\t\t\t\t\t<\/div>\n\t\t<\/div>\n\t\t\t\t\t<\/div>\n\t\t<\/section>\n\t\t\t\t<\/div>\n\t\t","protected":false},"excerpt":{"rendered":"<p>Guidelines gender policy At IH\u00c5, we have adopted a gender policy that aims for an equal gender distribution in our long courses to ensure the broadest possible composition within our student group. Therefore, our student groups are created with a distribution between female and male students of no more than 55\/45 or 45\/55. Specifically, this [&hellip;]<\/p>\n","protected":false},"author":4,"featured_media":0,"parent":3952,"menu_order":0,"comment_status":"closed","ping_status":"closed","template":"","meta":{"_acf_changed":false,"site-sidebar-layout":"no-sidebar","site-content-layout":"page-builder","ast-site-content-layout":"full-width-container","site-content-style":"unboxed","site-sidebar-style":"unboxed","ast-global-header-display":"","ast-banner-title-visibility":"","ast-main-header-display":"","ast-hfb-above-header-display":"","ast-hfb-below-header-display":"","ast-hfb-mobile-header-display":"","site-post-title":"disabled","ast-breadcrumbs-content":"","ast-featured-img":"disabled","footer-sml-layout":"","theme-transparent-header-meta":"default","adv-header-id-meta":"","stick-header-meta":"default","header-above-stick-meta":"","header-main-stick-meta":"","header-below-stick-meta":"","astra-migrate-meta-layouts":"set","ast-page-background-enabled":"default","ast-page-background-meta":{"desktop":{"background-color":"","background-image":"","background-repeat":"repeat","background-position":"center center","background-size":"auto","background-attachment":"scroll","background-type":"","background-media":"","overlay-type":"","overlay-color":"","overlay-opacity":"","overlay-gradient":""},"tablet":{"background-color":"","background-image":"","background-repeat":"repeat","background-position":"center center","background-size":"auto","background-attachment":"scroll","background-type":"","background-media":"","overlay-type":"","overlay-color":"","overlay-opacity":"","overlay-gradient":""},"mobile":{"background-color":"","background-image":"","background-repeat":"repeat","background-position":"center center","background-size":"auto","background-attachment":"scroll","background-type":"","background-media":"","overlay-type":"","overlay-color":"","overlay-opacity":"","overlay-gradient":""}},"ast-content-background-meta":{"desktop":{"background-color":"var(--ast-global-color-5)","background-image":"","background-repeat":"repeat","background-position":"center center","background-size":"auto","background-attachment":"scroll","background-type":"","background-media":"","overlay-type":"","overlay-color":"","overlay-opacity":"","overlay-gradient":""},"tablet":{"background-color":"var(--ast-global-color-5)","background-image":"","background-repeat":"repeat","background-position":"center center","background-size":"auto","background-attachment":"scroll","background-type":"","background-media":"","overlay-type":"","overlay-color":"","overlay-opacity":"","overlay-gradient":""},"mobile":{"background-color":"var(--ast-global-color-5)","background-image":"","background-repeat":"repeat","background-position":"center center","background-size":"auto","background-attachment":"scroll","background-type":"","background-media":"","overlay-type":"","overlay-color":"","overlay-opacity":"","overlay-gradient":""}},"footnotes":""},"class_list":["post-22914","page","type-page","status-publish","hentry"],"acf":[],"yoast_head":"<!-- This site is optimized with the Yoast SEO plugin v24.1 - https:\/\/yoast.com\/wordpress\/plugins\/seo\/ -->\n<title>Guidelines - \u00c5rhus Idr\u00e6tsh\u00f8jskole<\/title>\n<meta name=\"robots\" content=\"index, follow, max-snippet:-1, max-image-preview:large, max-video-preview:-1\" \/>\n<link rel=\"canonical\" href=\"https:\/\/www.ihaarhus.dk\/en\/about-ihaa\/guidelines\/\" \/>\n<meta property=\"og:locale\" content=\"en_US\" \/>\n<meta property=\"og:type\" content=\"article\" \/>\n<meta property=\"og:title\" content=\"Guidelines - \u00c5rhus Idr\u00e6tsh\u00f8jskole\" \/>\n<meta property=\"og:description\" content=\"Guidelines gender policy At IH\u00c5, we have adopted a gender policy that aims for an equal gender distribution in our long courses to ensure the broadest possible composition within our student group. Therefore, our student groups are created with a distribution between female and male students of no more than 55\/45 or 45\/55. Specifically, this [&hellip;]\" \/>\n<meta property=\"og:url\" content=\"https:\/\/www.ihaarhus.dk\/en\/about-ihaa\/guidelines\/\" \/>\n<meta property=\"og:site_name\" content=\"\u00c5rhus Idr\u00e6tsh\u00f8jskole\" \/>\n<meta property=\"article:publisher\" content=\"https:\/\/www.facebook.com\/ihaarhus\" \/>\n<meta property=\"article:modified_time\" content=\"2025-02-13T13:24:10+00:00\" \/>\n<meta property=\"og:image\" content=\"https:\/\/www.ihaarhus.dk\/wp-content\/uploads\/elementor\/thumbs\/DSC02922-qv26guce50dbvn1n9toz01sve2gvno72uv9wbejzq8.jpg\" \/>\n<meta name=\"twitter:card\" content=\"summary_large_image\" \/>\n<meta name=\"twitter:label1\" content=\"Est. reading time\" \/>\n\t<meta name=\"twitter:data1\" content=\"2 minutes\" \/>\n<script type=\"application\/ld+json\" class=\"yoast-schema-graph\">{\"@context\":\"https:\/\/schema.org\",\"@graph\":[{\"@type\":\"WebPage\",\"@id\":\"https:\/\/www.ihaarhus.dk\/en\/about-ihaa\/guidelines\/\",\"url\":\"https:\/\/www.ihaarhus.dk\/en\/about-ihaa\/guidelines\/\",\"name\":\"Guidelines - \u00c5rhus Idr\u00e6tsh\u00f8jskole\",\"isPartOf\":{\"@id\":\"https:\/\/www.ihaarhus.dk\/en\/#website\"},\"primaryImageOfPage\":{\"@id\":\"https:\/\/www.ihaarhus.dk\/en\/about-ihaa\/guidelines\/#primaryimage\"},\"image\":{\"@id\":\"https:\/\/www.ihaarhus.dk\/en\/about-ihaa\/guidelines\/#primaryimage\"},\"thumbnailUrl\":\"https:\/\/www.ihaarhus.dk\/wp-content\/uploads\/elementor\/thumbs\/DSC02922-qv26guce50dbvn1n9toz01sve2gvno72uv9wbejzq8.jpg\",\"datePublished\":\"2024-10-08T12:46:05+00:00\",\"dateModified\":\"2025-02-13T13:24:10+00:00\",\"breadcrumb\":{\"@id\":\"https:\/\/www.ihaarhus.dk\/en\/about-ihaa\/guidelines\/#breadcrumb\"},\"inLanguage\":\"en-US\",\"potentialAction\":[{\"@type\":\"ReadAction\",\"target\":[\"https:\/\/www.ihaarhus.dk\/en\/about-ihaa\/guidelines\/\"]}]},{\"@type\":\"ImageObject\",\"inLanguage\":\"en-US\",\"@id\":\"https:\/\/www.ihaarhus.dk\/en\/about-ihaa\/guidelines\/#primaryimage\",\"url\":\"https:\/\/www.ihaarhus.dk\/wp-content\/uploads\/elementor\/thumbs\/DSC02922-qv26guce50dbvn1n9toz01sve2gvno72uv9wbejzq8.jpg\",\"contentUrl\":\"https:\/\/www.ihaarhus.dk\/wp-content\/uploads\/elementor\/thumbs\/DSC02922-qv26guce50dbvn1n9toz01sve2gvno72uv9wbejzq8.jpg\"},{\"@type\":\"BreadcrumbList\",\"@id\":\"https:\/\/www.ihaarhus.dk\/en\/about-ihaa\/guidelines\/#breadcrumb\",\"itemListElement\":[{\"@type\":\"ListItem\",\"position\":1,\"name\":\"Hjem\",\"item\":\"https:\/\/www.ihaarhus.dk\/en\/\"},{\"@type\":\"ListItem\",\"position\":2,\"name\":\"About IH\u00c5\",\"item\":\"https:\/\/www.ihaarhus.dk\/en\/about-ihaa\/\"},{\"@type\":\"ListItem\",\"position\":3,\"name\":\"Guidelines\"}]},{\"@type\":\"WebSite\",\"@id\":\"https:\/\/www.ihaarhus.dk\/en\/#website\",\"url\":\"https:\/\/www.ihaarhus.dk\/en\/\",\"name\":\"Idr\u00e6tsh\u00f8jskolen Aarhus\",\"description\":\"\",\"publisher\":{\"@id\":\"https:\/\/www.ihaarhus.dk\/en\/#organization\"},\"potentialAction\":[{\"@type\":\"SearchAction\",\"target\":{\"@type\":\"EntryPoint\",\"urlTemplate\":\"https:\/\/www.ihaarhus.dk\/en\/?s={search_term_string}\"},\"query-input\":{\"@type\":\"PropertyValueSpecification\",\"valueRequired\":true,\"valueName\":\"search_term_string\"}}],\"inLanguage\":\"en-US\"},{\"@type\":\"Organization\",\"@id\":\"https:\/\/www.ihaarhus.dk\/en\/#organization\",\"name\":\"Idr\u00e6tsh\u00f8jskolen Aarhus\",\"url\":\"https:\/\/www.ihaarhus.dk\/en\/\",\"logo\":{\"@type\":\"ImageObject\",\"inLanguage\":\"en-US\",\"@id\":\"https:\/\/www.ihaarhus.dk\/en\/#\/schema\/logo\/image\/\",\"url\":\"https:\/\/www.ihaarhus.dk\/wp-content\/uploads\/2020\/02\/logo.png\",\"contentUrl\":\"https:\/\/www.ihaarhus.dk\/wp-content\/uploads\/2020\/02\/logo.png\",\"width\":527,\"height\":117,\"caption\":\"Idr\u00e6tsh\u00f8jskolen Aarhus\"},\"image\":{\"@id\":\"https:\/\/www.ihaarhus.dk\/en\/#\/schema\/logo\/image\/\"},\"sameAs\":[\"https:\/\/www.facebook.com\/ihaarhus\"]}]}<\/script>\n<!-- \/ Yoast SEO plugin. -->","yoast_head_json":{"title":"Guidelines - \u00c5rhus Idr\u00e6tsh\u00f8jskole","robots":{"index":"index","follow":"follow","max-snippet":"max-snippet:-1","max-image-preview":"max-image-preview:large","max-video-preview":"max-video-preview:-1"},"canonical":"https:\/\/www.ihaarhus.dk\/en\/about-ihaa\/guidelines\/","og_locale":"en_US","og_type":"article","og_title":"Guidelines - \u00c5rhus Idr\u00e6tsh\u00f8jskole","og_description":"Guidelines gender policy At IH\u00c5, we have adopted a gender policy that aims for an equal gender distribution in our long courses to ensure the broadest possible composition within our student group. Therefore, our student groups are created with a distribution between female and male students of no more than 55\/45 or 45\/55. Specifically, this [&hellip;]","og_url":"https:\/\/www.ihaarhus.dk\/en\/about-ihaa\/guidelines\/","og_site_name":"\u00c5rhus Idr\u00e6tsh\u00f8jskole","article_publisher":"https:\/\/www.facebook.com\/ihaarhus","article_modified_time":"2025-02-13T13:24:10+00:00","og_image":[{"url":"https:\/\/www.ihaarhus.dk\/wp-content\/uploads\/elementor\/thumbs\/DSC02922-qv26guce50dbvn1n9toz01sve2gvno72uv9wbejzq8.jpg","type":"","width":"","height":""}],"twitter_card":"summary_large_image","twitter_misc":{"Est. reading time":"2 minutes"},"schema":{"@context":"https:\/\/schema.org","@graph":[{"@type":"WebPage","@id":"https:\/\/www.ihaarhus.dk\/en\/about-ihaa\/guidelines\/","url":"https:\/\/www.ihaarhus.dk\/en\/about-ihaa\/guidelines\/","name":"Guidelines - \u00c5rhus Idr\u00e6tsh\u00f8jskole","isPartOf":{"@id":"https:\/\/www.ihaarhus.dk\/en\/#website"},"primaryImageOfPage":{"@id":"https:\/\/www.ihaarhus.dk\/en\/about-ihaa\/guidelines\/#primaryimage"},"image":{"@id":"https:\/\/www.ihaarhus.dk\/en\/about-ihaa\/guidelines\/#primaryimage"},"thumbnailUrl":"https:\/\/www.ihaarhus.dk\/wp-content\/uploads\/elementor\/thumbs\/DSC02922-qv26guce50dbvn1n9toz01sve2gvno72uv9wbejzq8.jpg","datePublished":"2024-10-08T12:46:05+00:00","dateModified":"2025-02-13T13:24:10+00:00","breadcrumb":{"@id":"https:\/\/www.ihaarhus.dk\/en\/about-ihaa\/guidelines\/#breadcrumb"},"inLanguage":"en-US","potentialAction":[{"@type":"ReadAction","target":["https:\/\/www.ihaarhus.dk\/en\/about-ihaa\/guidelines\/"]}]},{"@type":"ImageObject","inLanguage":"en-US","@id":"https:\/\/www.ihaarhus.dk\/en\/about-ihaa\/guidelines\/#primaryimage","url":"https:\/\/www.ihaarhus.dk\/wp-content\/uploads\/elementor\/thumbs\/DSC02922-qv26guce50dbvn1n9toz01sve2gvno72uv9wbejzq8.jpg","contentUrl":"https:\/\/www.ihaarhus.dk\/wp-content\/uploads\/elementor\/thumbs\/DSC02922-qv26guce50dbvn1n9toz01sve2gvno72uv9wbejzq8.jpg"},{"@type":"BreadcrumbList","@id":"https:\/\/www.ihaarhus.dk\/en\/about-ihaa\/guidelines\/#breadcrumb","itemListElement":[{"@type":"ListItem","position":1,"name":"Hjem","item":"https:\/\/www.ihaarhus.dk\/en\/"},{"@type":"ListItem","position":2,"name":"About IH\u00c5","item":"https:\/\/www.ihaarhus.dk\/en\/about-ihaa\/"},{"@type":"ListItem","position":3,"name":"Guidelines"}]},{"@type":"WebSite","@id":"https:\/\/www.ihaarhus.dk\/en\/#website","url":"https:\/\/www.ihaarhus.dk\/en\/","name":"Idr\u00e6tsh\u00f8jskolen Aarhus","description":"","publisher":{"@id":"https:\/\/www.ihaarhus.dk\/en\/#organization"},"potentialAction":[{"@type":"SearchAction","target":{"@type":"EntryPoint","urlTemplate":"https:\/\/www.ihaarhus.dk\/en\/?s={search_term_string}"},"query-input":{"@type":"PropertyValueSpecification","valueRequired":true,"valueName":"search_term_string"}}],"inLanguage":"en-US"},{"@type":"Organization","@id":"https:\/\/www.ihaarhus.dk\/en\/#organization","name":"Idr\u00e6tsh\u00f8jskolen Aarhus","url":"https:\/\/www.ihaarhus.dk\/en\/","logo":{"@type":"ImageObject","inLanguage":"en-US","@id":"https:\/\/www.ihaarhus.dk\/en\/#\/schema\/logo\/image\/","url":"https:\/\/www.ihaarhus.dk\/wp-content\/uploads\/2020\/02\/logo.png","contentUrl":"https:\/\/www.ihaarhus.dk\/wp-content\/uploads\/2020\/02\/logo.png","width":527,"height":117,"caption":"Idr\u00e6tsh\u00f8jskolen Aarhus"},"image":{"@id":"https:\/\/www.ihaarhus.dk\/en\/#\/schema\/logo\/image\/"},"sameAs":["https:\/\/www.facebook.com\/ihaarhus"]}]}},"_links":{"self":[{"href":"https:\/\/www.ihaarhus.dk\/en\/wp-json\/wp\/v2\/pages\/22914","targetHints":{"allow":["GET"]}}],"collection":[{"href":"https:\/\/www.ihaarhus.dk\/en\/wp-json\/wp\/v2\/pages"}],"about":[{"href":"https:\/\/www.ihaarhus.dk\/en\/wp-json\/wp\/v2\/types\/page"}],"author":[{"embeddable":true,"href":"https:\/\/www.ihaarhus.dk\/en\/wp-json\/wp\/v2\/users\/4"}],"replies":[{"embeddable":true,"href":"https:\/\/www.ihaarhus.dk\/en\/wp-json\/wp\/v2\/comments?post=22914"}],"version-history":[{"count":16,"href":"https:\/\/www.ihaarhus.dk\/en\/wp-json\/wp\/v2\/pages\/22914\/revisions"}],"predecessor-version":[{"id":24742,"href":"https:\/\/www.ihaarhus.dk\/en\/wp-json\/wp\/v2\/pages\/22914\/revisions\/24742"}],"up":[{"embeddable":true,"href":"https:\/\/www.ihaarhus.dk\/en\/wp-json\/wp\/v2\/pages\/3952"}],"wp:attachment":[{"href":"https:\/\/www.ihaarhus.dk\/en\/wp-json\/wp\/v2\/media?parent=22914"}],"curies":[{"name":"wp","href":"https:\/\/api.w.org\/{rel}","templated":true}]}}