{"id":17326,"date":"2023-05-08T11:12:28","date_gmt":"2023-05-08T09:12:28","guid":{"rendered":"https:\/\/www.ihaarhus.dk\/?page_id=17326"},"modified":"2023-05-08T11:12:45","modified_gmt":"2023-05-08T09:12:45","slug":"skitrip-2023","status":"publish","type":"page","link":"https:\/\/www.ihaarhus.dk\/en\/skitrip-2023\/","title":{"rendered":"Ski trip fall 2023"},"content":{"rendered":"\t\t<div data-elementor-type=\"wp-page\" data-elementor-id=\"17326\" class=\"elementor elementor-17326\" data-elementor-post-type=\"page\">\n\t\t\t\t\t\t<section class=\"elementor-section elementor-inner-section elementor-element elementor-element-53b01174 elementor-section-boxed elementor-section-height-default elementor-section-height-default\" data-id=\"53b01174\" data-element_type=\"section\" data-settings=\"{&quot;background_background&quot;:&quot;classic&quot;}\">\n\t\t\t\t\t\t<div class=\"elementor-container elementor-column-gap-wide\">\n\t\t\t\t\t<div class=\"elementor-column elementor-col-50 elementor-inner-column elementor-element elementor-element-59cecabb\" data-id=\"59cecabb\" data-element_type=\"column\">\n\t\t\t<div class=\"elementor-widget-wrap elementor-element-populated\">\n\t\t\t\t\t\t<div class=\"elementor-element elementor-element-2a22b9b elementor-widget elementor-widget-image\" data-id=\"2a22b9b\" data-element_type=\"widget\" data-widget_type=\"image.default\">\n\t\t\t\t<div class=\"elementor-widget-container\">\n\t\t\t\t\t\t\t\t\t\t\t\t\t\t\t<img fetchpriority=\"high\" decoding=\"async\" width=\"1024\" height=\"683\" src=\"https:\/\/www.ihaarhus.dk\/wp-content\/uploads\/2022\/11\/IMG_3491-1024x683.jpg\" class=\"attachment-large size-large wp-image-15837\" alt=\"\" srcset=\"https:\/\/www.ihaarhus.dk\/wp-content\/uploads\/2022\/11\/IMG_3491-1024x683.jpg 1024w, https:\/\/www.ihaarhus.dk\/wp-content\/uploads\/2022\/11\/IMG_3491-300x200.jpg 300w, https:\/\/www.ihaarhus.dk\/wp-content\/uploads\/2022\/11\/IMG_3491-768x512.jpg 768w, https:\/\/www.ihaarhus.dk\/wp-content\/uploads\/2022\/11\/IMG_3491-1536x1024.jpg 1536w, https:\/\/www.ihaarhus.dk\/wp-content\/uploads\/2022\/11\/IMG_3491-2048x1365.jpg 2048w\" sizes=\"(max-width: 1024px) 100vw, 1024px\" \/>\t\t\t\t\t\t\t\t\t\t\t\t\t\t\t<\/div>\n\t\t\t\t<\/div>\n\t\t\t\t<div class=\"elementor-element elementor-element-b66117a elementor-widget elementor-widget-heading\" data-id=\"b66117a\" data-element_type=\"widget\" data-widget_type=\"heading.default\">\n\t\t\t\t<div class=\"elementor-widget-container\">\n\t\t\t\t\t<h2 class=\"elementor-heading-title elementor-size-default\">Ski trip to the Alps<\/h2>\t\t\t\t<\/div>\n\t\t\t\t<\/div>\n\t\t\t\t<div class=\"elementor-element elementor-element-349f5d9b elementor-widget__width-initial elementor-widget elementor-widget-text-editor\" data-id=\"349f5d9b\" data-element_type=\"widget\" data-widget_type=\"text-editor.default\">\n\t\t\t\t<div class=\"elementor-widget-container\">\n\t\t\t\t\t\t\t\t\t<p>This autumn it will be possible to take part in a ski trip to Hintertux in Austria. This is a ski trip for all students who want to.<\/p><p>For practical reasons, we would like to know before you start school if you would be interested in taking part in the ski trip. Your answer here is not binding, but just a hint to us about how many of you are interested in the trip.<\/p><p>You only register when you have started here at the school, where there will also be more info.<\/p><p><b><i>Deadline for feedback: 22 May 2023<\/i><\/b><\/p><p><b>Find out more about the trip here:<\/b><\/p><p>We can promise lots of high school fun and educational hours on the slopes. You will be divided into smaller teams based on previous experience, where there will be ski school every morning. In this way, you will be challenged at a suitable level, regardless of whether you are an experienced skier or completely green.<\/p><p>There is also time for &#8220;free play&#8221; on the slopes, and in the evening, there will be a gathering with high school songs and funny stories from the day.<\/p><p>You can expect a price of around DKK 8,000 for the trip.<span style=\"font-size: 16px;\">\u00a0\u00a0<\/span><\/p><p><b>Further information:<\/b><br \/><i>The prices cover the following:<br \/><\/i><i style=\"font-weight: inherit;\">&#8211; Transport between DK and Austria<br \/><\/i><i style=\"font-weight: inherit;\">&#8211; Lift card<br \/><\/i><i style=\"font-weight: inherit;\">&#8211; Ski-snowboard rental<br \/><\/i><i style=\"font-weight: inherit;\">&#8211; Board and accommodation<\/i><\/p><p><i>Please note that you must take out Accident Insurance and Cancellation Insurance yourself (the school has travel insurance).<\/i><\/p><p>\u00a0<\/p>\t\t\t\t\t\t\t\t<\/div>\n\t\t\t\t<\/div>\n\t\t\t\t\t<\/div>\n\t\t<\/div>\n\t\t\t\t<div class=\"elementor-column elementor-col-50 elementor-inner-column elementor-element elementor-element-1ce6777\" data-id=\"1ce6777\" data-element_type=\"column\">\n\t\t\t<div class=\"elementor-widget-wrap elementor-element-populated\">\n\t\t\t\t\t\t<div class=\"elementor-element elementor-element-9e23b5f elementor-widget elementor-widget-image\" data-id=\"9e23b5f\" data-element_type=\"widget\" data-widget_type=\"image.default\">\n\t\t\t\t<div class=\"elementor-widget-container\">\n\t\t\t\t\t\t\t\t\t\t\t\t\t\t\t<img decoding=\"async\" width=\"1024\" height=\"683\" src=\"https:\/\/www.ihaarhus.dk\/wp-content\/uploads\/2020\/05\/IMG_1683-1024x683.jpg\" class=\"attachment-large size-large wp-image-2963\" alt=\"\" srcset=\"https:\/\/www.ihaarhus.dk\/wp-content\/uploads\/2020\/05\/IMG_1683-1024x683.jpg 1024w, https:\/\/www.ihaarhus.dk\/wp-content\/uploads\/2020\/05\/IMG_1683-300x200.jpg 300w, https:\/\/www.ihaarhus.dk\/wp-content\/uploads\/2020\/05\/IMG_1683-768x512.jpg 768w, https:\/\/www.ihaarhus.dk\/wp-content\/uploads\/2020\/05\/IMG_1683-1536x1024.jpg 1536w, https:\/\/www.ihaarhus.dk\/wp-content\/uploads\/2020\/05\/IMG_1683-2048x1365.jpg 2048w\" sizes=\"(max-width: 1024px) 100vw, 1024px\" \/>\t\t\t\t\t\t\t\t\t\t\t\t\t\t\t<\/div>\n\t\t\t\t<\/div>\n\t\t\t\t<div class=\"elementor-element elementor-element-5303d21 elementor-widget elementor-widget-text-editor\" data-id=\"5303d21\" data-element_type=\"widget\" data-widget_type=\"text-editor.default\">\n\t\t\t\t<div class=\"elementor-widget-container\">\n\t\t\t\t\t\t\t\t\t<p><b><i>Are you interested in participating in the ski trip to Austria &#8211; autumn 2023?<\/i><\/b><\/p><p>\u00a0<\/p><p><b><i>The answer here is not binding. More information about and final registration for the trip will only take place once you have started at school.<\/i><\/b><\/p>\t\t\t\t\t\t\t\t<\/div>\n\t\t\t\t<\/div>\n\t\t\t\t<div class=\"elementor-element elementor-element-e30dfcc elementor-button-align-center elementor-widget elementor-widget-form\" data-id=\"e30dfcc\" data-element_type=\"widget\" data-settings=\"{&quot;step_next_label&quot;:&quot;N\\u00e6ste&quot;,&quot;step_previous_label&quot;:&quot;Tidligere&quot;,&quot;step_type&quot;:&quot;number_text&quot;,&quot;step_icon_shape&quot;:&quot;circle&quot;}\" data-widget_type=\"form.default\">\n\t\t\t\t<div class=\"elementor-widget-container\">\n\t\t\t\t\t\t\t<form class=\"elementor-form\" method=\"post\" name=\"Tilmelding Rejser For\u00e5r 2023\">\n\t\t\t<input type=\"hidden\" name=\"post_id\" value=\"17326\"\/>\n\t\t\t<input type=\"hidden\" name=\"form_id\" value=\"e30dfcc\"\/>\n\t\t\t<input type=\"hidden\" name=\"referer_title\" value=\"\u00c5rhus Idr\u00e6tsh\u00f8jskole\" \/>\n\n\t\t\t\n\t\t\t<div class=\"elementor-form-fields-wrapper elementor-labels-above\">\n\t\t\t\t\t\t\t\t<div class=\"elementor-field-type-text elementor-field-group elementor-column elementor-field-group-name elementor-col-50 elementor-field-required elementor-mark-required\">\n\t\t\t\t\t\t\t\t\t\t\t\t<label for=\"form-field-name\" class=\"elementor-field-label\">\n\t\t\t\t\t\t\t\tFirst name\t\t\t\t\t\t\t<\/label>\n\t\t\t\t\t\t\t\t\t\t\t\t\t\t<input size=\"1\" type=\"text\" name=\"form_fields[name]\" id=\"form-field-name\" class=\"elementor-field elementor-size-sm  elementor-field-textual\" required=\"required\" aria-required=\"true\">\n\t\t\t\t\t\t\t\t\t\t\t<\/div>\n\t\t\t\t\t\t\t\t<div class=\"elementor-field-type-text elementor-field-group elementor-column elementor-field-group-lastname elementor-col-50 elementor-field-required elementor-mark-required\">\n\t\t\t\t\t\t\t\t\t\t\t\t<label for=\"form-field-lastname\" class=\"elementor-field-label\">\n\t\t\t\t\t\t\t\tLast Name\t\t\t\t\t\t\t<\/label>\n\t\t\t\t\t\t\t\t\t\t\t\t\t\t<input size=\"1\" type=\"text\" name=\"form_fields[lastname]\" id=\"form-field-lastname\" class=\"elementor-field elementor-size-sm  elementor-field-textual\" required=\"required\" aria-required=\"true\">\n\t\t\t\t\t\t\t\t\t\t\t<\/div>\n\t\t\t\t\t\t\t\t<div class=\"elementor-field-type-text elementor-field-group elementor-column elementor-field-group-field_9cd9c51 elementor-col-50 elementor-field-required elementor-mark-required\">\n\t\t\t\t\t\t\t\t\t\t\t\t<label for=\"form-field-field_9cd9c51\" class=\"elementor-field-label\">\n\t\t\t\t\t\t\t\tE-mail\t\t\t\t\t\t\t<\/label>\n\t\t\t\t\t\t\t\t\t\t\t\t\t\t<input size=\"1\" type=\"text\" name=\"form_fields[field_9cd9c51]\" id=\"form-field-field_9cd9c51\" class=\"elementor-field elementor-size-sm  elementor-field-textual\" required=\"required\" aria-required=\"true\">\n\t\t\t\t\t\t\t\t\t\t\t<\/div>\n\t\t\t\t\t\t\t\t<div class=\"elementor-field-type-radio elementor-field-group elementor-column elementor-field-group-subjects elementor-col-100 elementor-field-required elementor-mark-required\">\n\t\t\t\t\t\t\t\t\t\t\t\t<label for=\"form-field-subjects\" class=\"elementor-field-label\">\n\t\t\t\t\t\t\t\tAre you interested in participating in the ski trip in advance?\t\t\t\t\t\t\t<\/label>\n\t\t\t\t\t\t<div class=\"elementor-field-subgroup  elementor-subgroup-inline\"><span class=\"elementor-field-option\"><input type=\"radio\" value=\"Yes, please\" id=\"form-field-subjects-0\" name=\"form_fields[subjects]\" required=\"required\" aria-required=\"true\"> <label for=\"form-field-subjects-0\">Yes, please<\/label><\/span><span class=\"elementor-field-option\"><input type=\"radio\" value=\"No thank you\" id=\"form-field-subjects-1\" name=\"form_fields[subjects]\" required=\"required\" aria-required=\"true\"> <label for=\"form-field-subjects-1\">No thank you<\/label><\/span><span class=\"elementor-field-option\"><input type=\"radio\" value=\"I don\u00b4t know yet\" id=\"form-field-subjects-2\" name=\"form_fields[subjects]\" required=\"required\" aria-required=\"true\"> <label for=\"form-field-subjects-2\">I don\u00b4t know yet<\/label><\/span><\/div>\t\t\t\t<\/div>\n\t\t\t\t\t\t\t\t<div class=\"elementor-field-type-acceptance elementor-field-group elementor-column elementor-field-group-terms elementor-col-100 elementor-field-required elementor-mark-required\">\n\t\t\t\t\t\t\t<div class=\"elementor-field-subgroup\">\n\t\t\t<span class=\"elementor-field-option\">\n\t\t\t\t<input type=\"checkbox\" name=\"form_fields[terms]\" id=\"form-field-terms\" class=\"elementor-field elementor-size-sm  elementor-acceptance-field\" required=\"required\" aria-required=\"true\">\n\t\t\t\t<label for=\"form-field-terms\">I accept that Sport Folk High School Aarhus electronically processes the personal data necessary to manage my inquiry to them<\/label>\t\t\t<\/span>\n\t\t<\/div>\n\t\t\t\t\t\t<\/div>\n\t\t\t\t\t\t\t\t<div class=\"elementor-field-group elementor-column elementor-field-type-submit elementor-col-100 e-form__buttons\">\n\t\t\t\t\t<button class=\"elementor-button elementor-size-sm\" type=\"submit\">\n\t\t\t\t\t\t<span class=\"elementor-button-content-wrapper\">\n\t\t\t\t\t\t\t\t\t\t\t\t\t\t\t\t\t\t\t\t\t\t<span class=\"elementor-button-text\">Submit<\/span>\n\t\t\t\t\t\t\t\t\t\t\t\t\t<\/span>\n\t\t\t\t\t<\/button>\n\t\t\t\t<\/div>\n\t\t\t<\/div>\n\t\t<\/form>\n\t\t\t\t\t\t<\/div>\n\t\t\t\t<\/div>\n\t\t\t\t\t<\/div>\n\t\t<\/div>\n\t\t\t\t\t<\/div>\n\t\t<\/section>\n\t\t\t\t<section class=\"elementor-section elementor-top-section elementor-element elementor-element-3cdf59c elementor-section-boxed elementor-section-height-default elementor-section-height-default\" data-id=\"3cdf59c\" data-element_type=\"section\">\n\t\t\t\t\t\t<div class=\"elementor-container elementor-column-gap-default\">\n\t\t\t\t\t<div class=\"elementor-column elementor-col-66 elementor-top-column elementor-element elementor-element-cbdd549\" data-id=\"cbdd549\" data-element_type=\"column\">\n\t\t\t<div class=\"elementor-widget-wrap\">\n\t\t\t\t\t\t\t<\/div>\n\t\t<\/div>\n\t\t\t\t<div class=\"elementor-column elementor-col-33 elementor-top-column elementor-element elementor-element-0ce20e0\" data-id=\"0ce20e0\" data-element_type=\"column\">\n\t\t\t<div class=\"elementor-widget-wrap\">\n\t\t\t\t\t\t\t<\/div>\n\t\t<\/div>\n\t\t\t\t\t<\/div>\n\t\t<\/section>\n\t\t\t\t<\/div>\n\t\t","protected":false},"excerpt":{"rendered":"<p>Ski trip to the Alps This autumn it will be possible to take part in a ski trip to Hintertux in Austria. This is a ski trip for all students who want to. For practical reasons, we would like to know before you start school if you would be interested in taking part in the [&hellip;]<\/p>\n","protected":false},"author":3,"featured_media":0,"parent":0,"menu_order":0,"comment_status":"closed","ping_status":"closed","template":"","meta":{"_acf_changed":false,"site-sidebar-layout":"no-sidebar","site-content-layout":"page-builder","ast-site-content-layout":"","site-content-style":"default","site-sidebar-style":"default","ast-global-header-display":"","ast-banner-title-visibility":"","ast-main-header-display":"","ast-hfb-above-header-display":"","ast-hfb-below-header-display":"","ast-hfb-mobile-header-display":"","site-post-title":"disabled","ast-breadcrumbs-content":"","ast-featured-img":"disabled","footer-sml-layout":"","theme-transparent-header-meta":"default","adv-header-id-meta":"","stick-header-meta":"default","header-above-stick-meta":"","header-main-stick-meta":"","header-below-stick-meta":"","astra-migrate-meta-layouts":"default","ast-page-background-enabled":"default","ast-page-background-meta":{"desktop":{"background-color":"","background-image":"","background-repeat":"repeat","background-position":"center center","background-size":"auto","background-attachment":"scroll","background-type":"","background-media":"","overlay-type":"","overlay-color":"","overlay-opacity":"","overlay-gradient":""},"tablet":{"background-color":"","background-image":"","background-repeat":"repeat","background-position":"center center","background-size":"auto","background-attachment":"scroll","background-type":"","background-media":"","overlay-type":"","overlay-color":"","overlay-opacity":"","overlay-gradient":""},"mobile":{"background-color":"","background-image":"","background-repeat":"repeat","background-position":"center center","background-size":"auto","background-attachment":"scroll","background-type":"","background-media":"","overlay-type":"","overlay-color":"","overlay-opacity":"","overlay-gradient":""}},"ast-content-background-meta":{"desktop":{"background-color":"var(--ast-global-color-5)","background-image":"","background-repeat":"repeat","background-position":"center center","background-size":"auto","background-attachment":"scroll","background-type":"","background-media":"","overlay-type":"","overlay-color":"","overlay-opacity":"","overlay-gradient":""},"tablet":{"background-color":"var(--ast-global-color-5)","background-image":"","background-repeat":"repeat","background-position":"center center","background-size":"auto","background-attachment":"scroll","background-type":"","background-media":"","overlay-type":"","overlay-color":"","overlay-opacity":"","overlay-gradient":""},"mobile":{"background-color":"var(--ast-global-color-5)","background-image":"","background-repeat":"repeat","background-position":"center center","background-size":"auto","background-attachment":"scroll","background-type":"","background-media":"","overlay-type":"","overlay-color":"","overlay-opacity":"","overlay-gradient":""}},"footnotes":""},"class_list":["post-17326","page","type-page","status-publish","hentry"],"acf":[],"yoast_head":"<!-- This site is optimized with the Yoast SEO plugin v24.1 - https:\/\/yoast.com\/wordpress\/plugins\/seo\/ -->\n<title>Ski trip fall 2023 - \u00c5rhus Idr\u00e6tsh\u00f8jskole<\/title>\n<meta name=\"robots\" content=\"index, follow, max-snippet:-1, max-image-preview:large, max-video-preview:-1\" \/>\n<link rel=\"canonical\" href=\"https:\/\/www.ihaarhus.dk\/en\/skitrip-2023\/\" \/>\n<meta property=\"og:locale\" content=\"en_US\" \/>\n<meta property=\"og:type\" content=\"article\" \/>\n<meta property=\"og:title\" content=\"Ski trip fall 2023 - \u00c5rhus Idr\u00e6tsh\u00f8jskole\" \/>\n<meta property=\"og:description\" content=\"Ski trip to the Alps This autumn it will be possible to take part in a ski trip to Hintertux in Austria. This is a ski trip for all students who want to. For practical reasons, we would like to know before you start school if you would be interested in taking part in the [&hellip;]\" \/>\n<meta property=\"og:url\" content=\"https:\/\/www.ihaarhus.dk\/en\/skitrip-2023\/\" \/>\n<meta property=\"og:site_name\" content=\"\u00c5rhus Idr\u00e6tsh\u00f8jskole\" \/>\n<meta property=\"article:publisher\" content=\"https:\/\/www.facebook.com\/ihaarhus\" \/>\n<meta property=\"article:modified_time\" content=\"2023-05-08T09:12:45+00:00\" \/>\n<meta property=\"og:image\" content=\"https:\/\/www.ihaarhus.dk\/wp-content\/uploads\/2022\/11\/IMG_3491-1024x683.jpg\" \/>\n<meta name=\"twitter:card\" content=\"summary_large_image\" \/>\n<meta name=\"twitter:label1\" content=\"Est. reading time\" \/>\n\t<meta name=\"twitter:data1\" content=\"2 minutes\" \/>\n<script type=\"application\/ld+json\" class=\"yoast-schema-graph\">{\"@context\":\"https:\/\/schema.org\",\"@graph\":[{\"@type\":\"WebPage\",\"@id\":\"https:\/\/www.ihaarhus.dk\/en\/skitrip-2023\/\",\"url\":\"https:\/\/www.ihaarhus.dk\/en\/skitrip-2023\/\",\"name\":\"Ski trip fall 2023 - \u00c5rhus Idr\u00e6tsh\u00f8jskole\",\"isPartOf\":{\"@id\":\"https:\/\/www.ihaarhus.dk\/en\/#website\"},\"primaryImageOfPage\":{\"@id\":\"https:\/\/www.ihaarhus.dk\/en\/skitrip-2023\/#primaryimage\"},\"image\":{\"@id\":\"https:\/\/www.ihaarhus.dk\/en\/skitrip-2023\/#primaryimage\"},\"thumbnailUrl\":\"https:\/\/www.ihaarhus.dk\/wp-content\/uploads\/2022\/11\/IMG_3491-1024x683.jpg\",\"datePublished\":\"2023-05-08T09:12:28+00:00\",\"dateModified\":\"2023-05-08T09:12:45+00:00\",\"breadcrumb\":{\"@id\":\"https:\/\/www.ihaarhus.dk\/en\/skitrip-2023\/#breadcrumb\"},\"inLanguage\":\"en-US\",\"potentialAction\":[{\"@type\":\"ReadAction\",\"target\":[\"https:\/\/www.ihaarhus.dk\/en\/skitrip-2023\/\"]}]},{\"@type\":\"ImageObject\",\"inLanguage\":\"en-US\",\"@id\":\"https:\/\/www.ihaarhus.dk\/en\/skitrip-2023\/#primaryimage\",\"url\":\"https:\/\/www.ihaarhus.dk\/wp-content\/uploads\/2022\/11\/IMG_3491-1024x683.jpg\",\"contentUrl\":\"https:\/\/www.ihaarhus.dk\/wp-content\/uploads\/2022\/11\/IMG_3491-1024x683.jpg\"},{\"@type\":\"BreadcrumbList\",\"@id\":\"https:\/\/www.ihaarhus.dk\/en\/skitrip-2023\/#breadcrumb\",\"itemListElement\":[{\"@type\":\"ListItem\",\"position\":1,\"name\":\"Hjem\",\"item\":\"https:\/\/www.ihaarhus.dk\/en\/\"},{\"@type\":\"ListItem\",\"position\":2,\"name\":\"Ski trip fall 2023\"}]},{\"@type\":\"WebSite\",\"@id\":\"https:\/\/www.ihaarhus.dk\/en\/#website\",\"url\":\"https:\/\/www.ihaarhus.dk\/en\/\",\"name\":\"Idr\u00e6tsh\u00f8jskolen Aarhus\",\"description\":\"\",\"publisher\":{\"@id\":\"https:\/\/www.ihaarhus.dk\/en\/#organization\"},\"potentialAction\":[{\"@type\":\"SearchAction\",\"target\":{\"@type\":\"EntryPoint\",\"urlTemplate\":\"https:\/\/www.ihaarhus.dk\/en\/?s={search_term_string}\"},\"query-input\":{\"@type\":\"PropertyValueSpecification\",\"valueRequired\":true,\"valueName\":\"search_term_string\"}}],\"inLanguage\":\"en-US\"},{\"@type\":\"Organization\",\"@id\":\"https:\/\/www.ihaarhus.dk\/en\/#organization\",\"name\":\"Idr\u00e6tsh\u00f8jskolen Aarhus\",\"url\":\"https:\/\/www.ihaarhus.dk\/en\/\",\"logo\":{\"@type\":\"ImageObject\",\"inLanguage\":\"en-US\",\"@id\":\"https:\/\/www.ihaarhus.dk\/en\/#\/schema\/logo\/image\/\",\"url\":\"https:\/\/www.ihaarhus.dk\/wp-content\/uploads\/2020\/02\/logo.png\",\"contentUrl\":\"https:\/\/www.ihaarhus.dk\/wp-content\/uploads\/2020\/02\/logo.png\",\"width\":527,\"height\":117,\"caption\":\"Idr\u00e6tsh\u00f8jskolen Aarhus\"},\"image\":{\"@id\":\"https:\/\/www.ihaarhus.dk\/en\/#\/schema\/logo\/image\/\"},\"sameAs\":[\"https:\/\/www.facebook.com\/ihaarhus\"]}]}<\/script>\n<!-- \/ Yoast SEO plugin. -->","yoast_head_json":{"title":"Ski trip fall 2023 - \u00c5rhus Idr\u00e6tsh\u00f8jskole","robots":{"index":"index","follow":"follow","max-snippet":"max-snippet:-1","max-image-preview":"max-image-preview:large","max-video-preview":"max-video-preview:-1"},"canonical":"https:\/\/www.ihaarhus.dk\/en\/skitrip-2023\/","og_locale":"en_US","og_type":"article","og_title":"Ski trip fall 2023 - \u00c5rhus Idr\u00e6tsh\u00f8jskole","og_description":"Ski trip to the Alps This autumn it will be possible to take part in a ski trip to Hintertux in Austria. This is a ski trip for all students who want to. For practical reasons, we would like to know before you start school if you would be interested in taking part in the [&hellip;]","og_url":"https:\/\/www.ihaarhus.dk\/en\/skitrip-2023\/","og_site_name":"\u00c5rhus Idr\u00e6tsh\u00f8jskole","article_publisher":"https:\/\/www.facebook.com\/ihaarhus","article_modified_time":"2023-05-08T09:12:45+00:00","og_image":[{"url":"https:\/\/www.ihaarhus.dk\/wp-content\/uploads\/2022\/11\/IMG_3491-1024x683.jpg","type":"","width":"","height":""}],"twitter_card":"summary_large_image","twitter_misc":{"Est. reading time":"2 minutes"},"schema":{"@context":"https:\/\/schema.org","@graph":[{"@type":"WebPage","@id":"https:\/\/www.ihaarhus.dk\/en\/skitrip-2023\/","url":"https:\/\/www.ihaarhus.dk\/en\/skitrip-2023\/","name":"Ski trip fall 2023 - \u00c5rhus Idr\u00e6tsh\u00f8jskole","isPartOf":{"@id":"https:\/\/www.ihaarhus.dk\/en\/#website"},"primaryImageOfPage":{"@id":"https:\/\/www.ihaarhus.dk\/en\/skitrip-2023\/#primaryimage"},"image":{"@id":"https:\/\/www.ihaarhus.dk\/en\/skitrip-2023\/#primaryimage"},"thumbnailUrl":"https:\/\/www.ihaarhus.dk\/wp-content\/uploads\/2022\/11\/IMG_3491-1024x683.jpg","datePublished":"2023-05-08T09:12:28+00:00","dateModified":"2023-05-08T09:12:45+00:00","breadcrumb":{"@id":"https:\/\/www.ihaarhus.dk\/en\/skitrip-2023\/#breadcrumb"},"inLanguage":"en-US","potentialAction":[{"@type":"ReadAction","target":["https:\/\/www.ihaarhus.dk\/en\/skitrip-2023\/"]}]},{"@type":"ImageObject","inLanguage":"en-US","@id":"https:\/\/www.ihaarhus.dk\/en\/skitrip-2023\/#primaryimage","url":"https:\/\/www.ihaarhus.dk\/wp-content\/uploads\/2022\/11\/IMG_3491-1024x683.jpg","contentUrl":"https:\/\/www.ihaarhus.dk\/wp-content\/uploads\/2022\/11\/IMG_3491-1024x683.jpg"},{"@type":"BreadcrumbList","@id":"https:\/\/www.ihaarhus.dk\/en\/skitrip-2023\/#breadcrumb","itemListElement":[{"@type":"ListItem","position":1,"name":"Hjem","item":"https:\/\/www.ihaarhus.dk\/en\/"},{"@type":"ListItem","position":2,"name":"Ski trip fall 2023"}]},{"@type":"WebSite","@id":"https:\/\/www.ihaarhus.dk\/en\/#website","url":"https:\/\/www.ihaarhus.dk\/en\/","name":"Idr\u00e6tsh\u00f8jskolen Aarhus","description":"","publisher":{"@id":"https:\/\/www.ihaarhus.dk\/en\/#organization"},"potentialAction":[{"@type":"SearchAction","target":{"@type":"EntryPoint","urlTemplate":"https:\/\/www.ihaarhus.dk\/en\/?s={search_term_string}"},"query-input":{"@type":"PropertyValueSpecification","valueRequired":true,"valueName":"search_term_string"}}],"inLanguage":"en-US"},{"@type":"Organization","@id":"https:\/\/www.ihaarhus.dk\/en\/#organization","name":"Idr\u00e6tsh\u00f8jskolen Aarhus","url":"https:\/\/www.ihaarhus.dk\/en\/","logo":{"@type":"ImageObject","inLanguage":"en-US","@id":"https:\/\/www.ihaarhus.dk\/en\/#\/schema\/logo\/image\/","url":"https:\/\/www.ihaarhus.dk\/wp-content\/uploads\/2020\/02\/logo.png","contentUrl":"https:\/\/www.ihaarhus.dk\/wp-content\/uploads\/2020\/02\/logo.png","width":527,"height":117,"caption":"Idr\u00e6tsh\u00f8jskolen Aarhus"},"image":{"@id":"https:\/\/www.ihaarhus.dk\/en\/#\/schema\/logo\/image\/"},"sameAs":["https:\/\/www.facebook.com\/ihaarhus"]}]}},"_links":{"self":[{"href":"https:\/\/www.ihaarhus.dk\/en\/wp-json\/wp\/v2\/pages\/17326","targetHints":{"allow":["GET"]}}],"collection":[{"href":"https:\/\/www.ihaarhus.dk\/en\/wp-json\/wp\/v2\/pages"}],"about":[{"href":"https:\/\/www.ihaarhus.dk\/en\/wp-json\/wp\/v2\/types\/page"}],"author":[{"embeddable":true,"href":"https:\/\/www.ihaarhus.dk\/en\/wp-json\/wp\/v2\/users\/3"}],"replies":[{"embeddable":true,"href":"https:\/\/www.ihaarhus.dk\/en\/wp-json\/wp\/v2\/comments?post=17326"}],"version-history":[{"count":13,"href":"https:\/\/www.ihaarhus.dk\/en\/wp-json\/wp\/v2\/pages\/17326\/revisions"}],"predecessor-version":[{"id":17339,"href":"https:\/\/www.ihaarhus.dk\/en\/wp-json\/wp\/v2\/pages\/17326\/revisions\/17339"}],"wp:attachment":[{"href":"https:\/\/www.ihaarhus.dk\/en\/wp-json\/wp\/v2\/media?parent=17326"}],"curies":[{"name":"wp","href":"https:\/\/api.w.org\/{rel}","templated":true}]}}