{"id":10645,"date":"2021-11-05T10:17:45","date_gmt":"2021-11-05T09:17:45","guid":{"rendered":"https:\/\/www.ihaarhus.dk\/?page_id=10645"},"modified":"2021-11-05T12:51:58","modified_gmt":"2021-11-05T11:51:58","slug":"skiing-week-5-6","status":"publish","type":"page","link":"https:\/\/www.ihaarhus.dk\/en\/skiing-week-5-6\/","title":{"rendered":"Skiing week 5 &#038; 6"},"content":{"rendered":"\t\t<div data-elementor-type=\"wp-page\" data-elementor-id=\"10645\" class=\"elementor elementor-10645 elementor-10082\" data-elementor-post-type=\"page\">\n\t\t\t\t\t\t<section class=\"elementor-section elementor-inner-section elementor-element elementor-element-53b01174 elementor-section-boxed elementor-section-height-default elementor-section-height-default\" data-id=\"53b01174\" data-element_type=\"section\" data-settings=\"{&quot;background_background&quot;:&quot;classic&quot;}\">\n\t\t\t\t\t\t<div class=\"elementor-container elementor-column-gap-default\">\n\t\t\t\t\t<div class=\"elementor-column elementor-col-50 elementor-inner-column elementor-element elementor-element-761fcc56\" data-id=\"761fcc56\" data-element_type=\"column\">\n\t\t\t<div class=\"elementor-widget-wrap elementor-element-populated\">\n\t\t\t\t\t\t<div class=\"elementor-element elementor-element-b66117a elementor-widget elementor-widget-heading\" data-id=\"b66117a\" data-element_type=\"widget\" data-widget_type=\"heading.default\">\n\t\t\t\t<div class=\"elementor-widget-container\">\n\t\t\t\t\t<h2 class=\"elementor-heading-title elementor-size-default\">Ski- and Snowbord <br>Sign up for the 2 first ski trips<\/h2>\t\t\t\t<\/div>\n\t\t\t\t<\/div>\n\t\t\t\t<div class=\"elementor-element elementor-element-743ffdfa elementor-widget elementor-widget-text-editor\" data-id=\"743ffdfa\" data-element_type=\"widget\" data-widget_type=\"text-editor.default\">\n\t\t\t\t<div class=\"elementor-widget-container\">\n\t\t\t\t\t\t\t\t\t<p>When: week 5 &amp; 6<br \/>Price: DKK 12.300 (covers ticket, food\/board and ski rental)<\/p>\t\t\t\t\t\t\t\t<\/div>\n\t\t\t\t<\/div>\n\t\t\t\t<div class=\"elementor-element elementor-element-349f5d9b elementor-widget elementor-widget-text-editor\" data-id=\"349f5d9b\" data-element_type=\"widget\" data-widget_type=\"text-editor.default\">\n\t\t\t\t<div class=\"elementor-widget-container\">\n\t\t\t\t\t\t\t\t\t<p><em style=\"font-size: 16px;\"><b>Registration is binding. However, i<\/b><\/em><b style=\"font-style: inherit;\"><i>f you unsubscribe before December 1st, DKK 6150 will be refunded.<\/i><\/b><\/p><p><strong><em><span style=\"font-size: 16px;\">\u00a0<\/span><\/em><\/strong><\/p>\t\t\t\t\t\t\t\t<\/div>\n\t\t\t\t<\/div>\n\t\t\t\t\t<\/div>\n\t\t<\/div>\n\t\t\t\t<div class=\"elementor-column elementor-col-50 elementor-inner-column elementor-element elementor-element-59cecabb\" data-id=\"59cecabb\" data-element_type=\"column\">\n\t\t\t<div class=\"elementor-widget-wrap elementor-element-populated\">\n\t\t\t\t\t\t<div class=\"elementor-element elementor-element-5355d150 elementor-button-align-center elementor-widget elementor-widget-form\" data-id=\"5355d150\" data-element_type=\"widget\" data-settings=\"{&quot;step_next_label&quot;:&quot;N\\u00e6ste&quot;,&quot;step_previous_label&quot;:&quot;Tidligere&quot;,&quot;step_type&quot;:&quot;number_text&quot;,&quot;step_icon_shape&quot;:&quot;circle&quot;}\" data-widget_type=\"form.default\">\n\t\t\t\t<div class=\"elementor-widget-container\">\n\t\t\t\t\t\t\t<form class=\"elementor-form\" method=\"post\" name=\"Ski week 5 &amp; 6\">\n\t\t\t<input type=\"hidden\" name=\"post_id\" value=\"10645\"\/>\n\t\t\t<input type=\"hidden\" name=\"form_id\" value=\"5355d150\"\/>\n\t\t\t<input type=\"hidden\" name=\"referer_title\" value=\"\u00c5rhus Idr\u00e6tsh\u00f8jskole\" \/>\n\n\t\t\t\n\t\t\t<div class=\"elementor-form-fields-wrapper elementor-labels-above\">\n\t\t\t\t\t\t\t\t<div class=\"elementor-field-type-text elementor-field-group elementor-column elementor-field-group-name elementor-col-50 elementor-field-required elementor-mark-required\">\n\t\t\t\t\t\t\t\t\t\t\t\t<label for=\"form-field-name\" class=\"elementor-field-label\">\n\t\t\t\t\t\t\t\tGiven Name\t\t\t\t\t\t\t<\/label>\n\t\t\t\t\t\t\t\t\t\t\t\t\t\t<input size=\"1\" type=\"text\" name=\"form_fields[name]\" id=\"form-field-name\" class=\"elementor-field elementor-size-sm  elementor-field-textual\" required=\"required\" aria-required=\"true\">\n\t\t\t\t\t\t\t\t\t\t\t<\/div>\n\t\t\t\t\t\t\t\t<div class=\"elementor-field-type-text elementor-field-group elementor-column elementor-field-group-lastname elementor-col-50 elementor-field-required elementor-mark-required\">\n\t\t\t\t\t\t\t\t\t\t\t\t<label for=\"form-field-lastname\" class=\"elementor-field-label\">\n\t\t\t\t\t\t\t\tSurname \t\t\t\t\t\t\t<\/label>\n\t\t\t\t\t\t\t\t\t\t\t\t\t\t<input size=\"1\" type=\"text\" name=\"form_fields[lastname]\" id=\"form-field-lastname\" class=\"elementor-field elementor-size-sm  elementor-field-textual\" required=\"required\" aria-required=\"true\">\n\t\t\t\t\t\t\t\t\t\t\t<\/div>\n\t\t\t\t\t\t\t\t<div class=\"elementor-field-type-checkbox elementor-field-group elementor-column elementor-field-group-subjects elementor-col-100\">\n\t\t\t\t\t\t\t\t\t\t\t\t<label for=\"form-field-subjects\" class=\"elementor-field-label\">\n\t\t\t\t\t\t\t\tSign up for Ski- & Snowboard (1st and 2nd ski week)\t\t\t\t\t\t\t<\/label>\n\t\t\t\t\t\t<div class=\"elementor-field-subgroup  elementor-subgroup-inline\"><span class=\"elementor-field-option\"><input type=\"checkbox\" value=\"   Yes, I will join both weeks \" id=\"form-field-subjects-0\" name=\"form_fields[subjects]\"> <label for=\"form-field-subjects-0\">   Yes, I will join both weeks <\/label><\/span><\/div>\t\t\t\t<\/div>\n\t\t\t\t\t\t\t\t<div class=\"elementor-field-group elementor-column elementor-field-type-submit elementor-col-100 e-form__buttons\">\n\t\t\t\t\t<button class=\"elementor-button elementor-size-sm\" type=\"submit\">\n\t\t\t\t\t\t<span class=\"elementor-button-content-wrapper\">\n\t\t\t\t\t\t\t\t\t\t\t\t\t\t\t\t\t\t\t\t\t\t<span class=\"elementor-button-text\">SUBMIT<\/span>\n\t\t\t\t\t\t\t\t\t\t\t\t\t<\/span>\n\t\t\t\t\t<\/button>\n\t\t\t\t<\/div>\n\t\t\t<\/div>\n\t\t<\/form>\n\t\t\t\t\t\t<\/div>\n\t\t\t\t<\/div>\n\t\t\t\t\t<\/div>\n\t\t<\/div>\n\t\t\t\t\t<\/div>\n\t\t<\/section>\n\t\t\t\t<\/div>\n\t\t","protected":false},"excerpt":{"rendered":"<p>Ski- and Snowbord Sign up for the 2 first ski trips When: week 5 &amp; 6 Price: DKK 12.300 (covers ticket, food\/board and ski rental) Registration is binding. However, if you unsubscribe before December 1st, DKK 6150 will be refunded. \u00a0<\/p>\n","protected":false},"author":3,"featured_media":0,"parent":0,"menu_order":0,"comment_status":"closed","ping_status":"closed","template":"","meta":{"_acf_changed":false,"site-sidebar-layout":"no-sidebar","site-content-layout":"page-builder","ast-site-content-layout":"full-width-container","site-content-style":"unboxed","site-sidebar-style":"unboxed","ast-global-header-display":"","ast-banner-title-visibility":"","ast-main-header-display":"","ast-hfb-above-header-display":"","ast-hfb-below-header-display":"","ast-hfb-mobile-header-display":"","site-post-title":"disabled","ast-breadcrumbs-content":"","ast-featured-img":"disabled","footer-sml-layout":"","theme-transparent-header-meta":"default","adv-header-id-meta":"","stick-header-meta":"default","header-above-stick-meta":"","header-main-stick-meta":"","header-below-stick-meta":"","astra-migrate-meta-layouts":"default","ast-page-background-enabled":"default","ast-page-background-meta":{"desktop":{"background-color":"","background-image":"","background-repeat":"repeat","background-position":"center center","background-size":"auto","background-attachment":"scroll","background-type":"","background-media":"","overlay-type":"","overlay-color":"","overlay-opacity":"","overlay-gradient":""},"tablet":{"background-color":"","background-image":"","background-repeat":"repeat","background-position":"center center","background-size":"auto","background-attachment":"scroll","background-type":"","background-media":"","overlay-type":"","overlay-color":"","overlay-opacity":"","overlay-gradient":""},"mobile":{"background-color":"","background-image":"","background-repeat":"repeat","background-position":"center center","background-size":"auto","background-attachment":"scroll","background-type":"","background-media":"","overlay-type":"","overlay-color":"","overlay-opacity":"","overlay-gradient":""}},"ast-content-background-meta":{"desktop":{"background-color":"var(--ast-global-color-5)","background-image":"","background-repeat":"repeat","background-position":"center center","background-size":"auto","background-attachment":"scroll","background-type":"","background-media":"","overlay-type":"","overlay-color":"","overlay-opacity":"","overlay-gradient":""},"tablet":{"background-color":"var(--ast-global-color-5)","background-image":"","background-repeat":"repeat","background-position":"center center","background-size":"auto","background-attachment":"scroll","background-type":"","background-media":"","overlay-type":"","overlay-color":"","overlay-opacity":"","overlay-gradient":""},"mobile":{"background-color":"var(--ast-global-color-5)","background-image":"","background-repeat":"repeat","background-position":"center center","background-size":"auto","background-attachment":"scroll","background-type":"","background-media":"","overlay-type":"","overlay-color":"","overlay-opacity":"","overlay-gradient":""}},"footnotes":""},"class_list":["post-10645","page","type-page","status-publish","hentry"],"acf":[],"yoast_head":"<!-- This site is optimized with the Yoast SEO plugin v24.1 - https:\/\/yoast.com\/wordpress\/plugins\/seo\/ -->\n<title>Skiing week 5 &amp; 6 - \u00c5rhus Idr\u00e6tsh\u00f8jskole<\/title>\n<meta name=\"robots\" content=\"index, follow, max-snippet:-1, max-image-preview:large, max-video-preview:-1\" \/>\n<link rel=\"canonical\" href=\"https:\/\/www.ihaarhus.dk\/en\/skiing-week-5-6\/\" \/>\n<meta property=\"og:locale\" content=\"en_US\" \/>\n<meta property=\"og:type\" content=\"article\" \/>\n<meta property=\"og:title\" content=\"Skiing week 5 &amp; 6 - \u00c5rhus Idr\u00e6tsh\u00f8jskole\" \/>\n<meta property=\"og:description\" content=\"Ski- and Snowbord Sign up for the 2 first ski trips When: week 5 &amp; 6 Price: DKK 12.300 (covers ticket, food\/board and ski rental) Registration is binding. However, if you unsubscribe before December 1st, DKK 6150 will be refunded. \u00a0\" \/>\n<meta property=\"og:url\" content=\"https:\/\/www.ihaarhus.dk\/en\/skiing-week-5-6\/\" \/>\n<meta property=\"og:site_name\" content=\"\u00c5rhus Idr\u00e6tsh\u00f8jskole\" \/>\n<meta property=\"article:publisher\" content=\"https:\/\/www.facebook.com\/ihaarhus\" \/>\n<meta property=\"article:modified_time\" content=\"2021-11-05T11:51:58+00:00\" \/>\n<meta name=\"twitter:card\" content=\"summary_large_image\" \/>\n<meta name=\"twitter:label1\" content=\"Est. reading time\" \/>\n\t<meta name=\"twitter:data1\" content=\"1 minute\" \/>\n<script type=\"application\/ld+json\" class=\"yoast-schema-graph\">{\"@context\":\"https:\/\/schema.org\",\"@graph\":[{\"@type\":\"WebPage\",\"@id\":\"https:\/\/www.ihaarhus.dk\/en\/skiing-week-5-6\/\",\"url\":\"https:\/\/www.ihaarhus.dk\/en\/skiing-week-5-6\/\",\"name\":\"Skiing week 5 & 6 - \u00c5rhus Idr\u00e6tsh\u00f8jskole\",\"isPartOf\":{\"@id\":\"https:\/\/www.ihaarhus.dk\/en\/#website\"},\"datePublished\":\"2021-11-05T09:17:45+00:00\",\"dateModified\":\"2021-11-05T11:51:58+00:00\",\"breadcrumb\":{\"@id\":\"https:\/\/www.ihaarhus.dk\/en\/skiing-week-5-6\/#breadcrumb\"},\"inLanguage\":\"en-US\",\"potentialAction\":[{\"@type\":\"ReadAction\",\"target\":[\"https:\/\/www.ihaarhus.dk\/en\/skiing-week-5-6\/\"]}]},{\"@type\":\"BreadcrumbList\",\"@id\":\"https:\/\/www.ihaarhus.dk\/en\/skiing-week-5-6\/#breadcrumb\",\"itemListElement\":[{\"@type\":\"ListItem\",\"position\":1,\"name\":\"Hjem\",\"item\":\"https:\/\/www.ihaarhus.dk\/en\/\"},{\"@type\":\"ListItem\",\"position\":2,\"name\":\"Skiing week 5 &#038; 6\"}]},{\"@type\":\"WebSite\",\"@id\":\"https:\/\/www.ihaarhus.dk\/en\/#website\",\"url\":\"https:\/\/www.ihaarhus.dk\/en\/\",\"name\":\"Idr\u00e6tsh\u00f8jskolen Aarhus\",\"description\":\"\",\"publisher\":{\"@id\":\"https:\/\/www.ihaarhus.dk\/en\/#organization\"},\"potentialAction\":[{\"@type\":\"SearchAction\",\"target\":{\"@type\":\"EntryPoint\",\"urlTemplate\":\"https:\/\/www.ihaarhus.dk\/en\/?s={search_term_string}\"},\"query-input\":{\"@type\":\"PropertyValueSpecification\",\"valueRequired\":true,\"valueName\":\"search_term_string\"}}],\"inLanguage\":\"en-US\"},{\"@type\":\"Organization\",\"@id\":\"https:\/\/www.ihaarhus.dk\/en\/#organization\",\"name\":\"Idr\u00e6tsh\u00f8jskolen Aarhus\",\"url\":\"https:\/\/www.ihaarhus.dk\/en\/\",\"logo\":{\"@type\":\"ImageObject\",\"inLanguage\":\"en-US\",\"@id\":\"https:\/\/www.ihaarhus.dk\/en\/#\/schema\/logo\/image\/\",\"url\":\"https:\/\/www.ihaarhus.dk\/wp-content\/uploads\/2020\/02\/logo.png\",\"contentUrl\":\"https:\/\/www.ihaarhus.dk\/wp-content\/uploads\/2020\/02\/logo.png\",\"width\":527,\"height\":117,\"caption\":\"Idr\u00e6tsh\u00f8jskolen Aarhus\"},\"image\":{\"@id\":\"https:\/\/www.ihaarhus.dk\/en\/#\/schema\/logo\/image\/\"},\"sameAs\":[\"https:\/\/www.facebook.com\/ihaarhus\"]}]}<\/script>\n<!-- \/ Yoast SEO plugin. -->","yoast_head_json":{"title":"Skiing week 5 & 6 - \u00c5rhus Idr\u00e6tsh\u00f8jskole","robots":{"index":"index","follow":"follow","max-snippet":"max-snippet:-1","max-image-preview":"max-image-preview:large","max-video-preview":"max-video-preview:-1"},"canonical":"https:\/\/www.ihaarhus.dk\/en\/skiing-week-5-6\/","og_locale":"en_US","og_type":"article","og_title":"Skiing week 5 & 6 - \u00c5rhus Idr\u00e6tsh\u00f8jskole","og_description":"Ski- and Snowbord Sign up for the 2 first ski trips When: week 5 &amp; 6 Price: DKK 12.300 (covers ticket, food\/board and ski rental) Registration is binding. However, if you unsubscribe before December 1st, DKK 6150 will be refunded. \u00a0","og_url":"https:\/\/www.ihaarhus.dk\/en\/skiing-week-5-6\/","og_site_name":"\u00c5rhus Idr\u00e6tsh\u00f8jskole","article_publisher":"https:\/\/www.facebook.com\/ihaarhus","article_modified_time":"2021-11-05T11:51:58+00:00","twitter_card":"summary_large_image","twitter_misc":{"Est. reading time":"1 minute"},"schema":{"@context":"https:\/\/schema.org","@graph":[{"@type":"WebPage","@id":"https:\/\/www.ihaarhus.dk\/en\/skiing-week-5-6\/","url":"https:\/\/www.ihaarhus.dk\/en\/skiing-week-5-6\/","name":"Skiing week 5 & 6 - \u00c5rhus Idr\u00e6tsh\u00f8jskole","isPartOf":{"@id":"https:\/\/www.ihaarhus.dk\/en\/#website"},"datePublished":"2021-11-05T09:17:45+00:00","dateModified":"2021-11-05T11:51:58+00:00","breadcrumb":{"@id":"https:\/\/www.ihaarhus.dk\/en\/skiing-week-5-6\/#breadcrumb"},"inLanguage":"en-US","potentialAction":[{"@type":"ReadAction","target":["https:\/\/www.ihaarhus.dk\/en\/skiing-week-5-6\/"]}]},{"@type":"BreadcrumbList","@id":"https:\/\/www.ihaarhus.dk\/en\/skiing-week-5-6\/#breadcrumb","itemListElement":[{"@type":"ListItem","position":1,"name":"Hjem","item":"https:\/\/www.ihaarhus.dk\/en\/"},{"@type":"ListItem","position":2,"name":"Skiing week 5 &#038; 6"}]},{"@type":"WebSite","@id":"https:\/\/www.ihaarhus.dk\/en\/#website","url":"https:\/\/www.ihaarhus.dk\/en\/","name":"Idr\u00e6tsh\u00f8jskolen Aarhus","description":"","publisher":{"@id":"https:\/\/www.ihaarhus.dk\/en\/#organization"},"potentialAction":[{"@type":"SearchAction","target":{"@type":"EntryPoint","urlTemplate":"https:\/\/www.ihaarhus.dk\/en\/?s={search_term_string}"},"query-input":{"@type":"PropertyValueSpecification","valueRequired":true,"valueName":"search_term_string"}}],"inLanguage":"en-US"},{"@type":"Organization","@id":"https:\/\/www.ihaarhus.dk\/en\/#organization","name":"Idr\u00e6tsh\u00f8jskolen Aarhus","url":"https:\/\/www.ihaarhus.dk\/en\/","logo":{"@type":"ImageObject","inLanguage":"en-US","@id":"https:\/\/www.ihaarhus.dk\/en\/#\/schema\/logo\/image\/","url":"https:\/\/www.ihaarhus.dk\/wp-content\/uploads\/2020\/02\/logo.png","contentUrl":"https:\/\/www.ihaarhus.dk\/wp-content\/uploads\/2020\/02\/logo.png","width":527,"height":117,"caption":"Idr\u00e6tsh\u00f8jskolen Aarhus"},"image":{"@id":"https:\/\/www.ihaarhus.dk\/en\/#\/schema\/logo\/image\/"},"sameAs":["https:\/\/www.facebook.com\/ihaarhus"]}]}},"_links":{"self":[{"href":"https:\/\/www.ihaarhus.dk\/en\/wp-json\/wp\/v2\/pages\/10645","targetHints":{"allow":["GET"]}}],"collection":[{"href":"https:\/\/www.ihaarhus.dk\/en\/wp-json\/wp\/v2\/pages"}],"about":[{"href":"https:\/\/www.ihaarhus.dk\/en\/wp-json\/wp\/v2\/types\/page"}],"author":[{"embeddable":true,"href":"https:\/\/www.ihaarhus.dk\/en\/wp-json\/wp\/v2\/users\/3"}],"replies":[{"embeddable":true,"href":"https:\/\/www.ihaarhus.dk\/en\/wp-json\/wp\/v2\/comments?post=10645"}],"version-history":[{"count":11,"href":"https:\/\/www.ihaarhus.dk\/en\/wp-json\/wp\/v2\/pages\/10645\/revisions"}],"predecessor-version":[{"id":10690,"href":"https:\/\/www.ihaarhus.dk\/en\/wp-json\/wp\/v2\/pages\/10645\/revisions\/10690"}],"wp:attachment":[{"href":"https:\/\/www.ihaarhus.dk\/en\/wp-json\/wp\/v2\/media?parent=10645"}],"curies":[{"name":"wp","href":"https:\/\/api.w.org\/{rel}","templated":true}]}}